{"id":7044,"date":"2025-06-28T09:02:09","date_gmt":"2025-06-28T09:02:09","guid":{"rendered":"https:\/\/tocut.net\/?post_type=product&#038;p=7044"},"modified":"2025-08-14T06:42:39","modified_gmt":"2025-08-14T06:42:39","slug":"mieng-dem","status":"publish","type":"product","link":"https:\/\/tocut.net\/vi\/trang-san-pham\/mieng-dem\/","title":{"rendered":"mi\u1ebfng \u0111\u1ec7m"},"content":{"rendered":"<h3 data-start=\"878\" data-end=\"937\"><strong data-start=\"882\" data-end=\"935\">Mi\u1ebfng \u0111\u1ec7m phun n\u01b0\u1edbc \u00e1p l\u1ef1c cao ch\u1ea5t l\u01b0\u1ee3ng cao d\u00e0nh cho m\u00e1y c\u1eaft<\/strong><\/h3>\n<p data-start=\"938\" data-end=\"1272\">A <strong data-start=\"940\" data-end=\"959\">mi\u1ebfng \u0111\u1ec7m cho m\u00e1y c\u1eaft tia n\u01b0\u1edbc<\/strong> l\u00e0 m\u1ed9t b\u1ed9 ph\u1eadn l\u00e0m k\u00edn quan tr\u1ecdng trong b\u1ea5t k\u1ef3 h\u1ec7 th\u1ed1ng c\u1eaft b\u1eb1ng tia n\u01b0\u1edbc \u00e1p l\u1ef1c cao n\u00e0o. N\u00f3 ng\u0103n ch\u1eb7n r\u00f2 r\u1ec9, duy tr\u00ec \u00e1p su\u1ea5t \u1ed5n \u0111\u1ecbnh v\u00e0 \u0111\u1ea3m b\u1ea3o h\u1ec7 th\u1ed1ng ho\u1ea1t \u0111\u1ed9ng hi\u1ec7u qu\u1ea3. N\u1ebfu kh\u00f4ng c\u00f3 mi\u1ebfng \u0111\u1ec7m \u0111\u00e1ng tin c\u1eady, r\u00f2 r\u1ec9 n\u01b0\u1edbc ho\u1eb7c ch\u1ea5t m\u00e0i m\u00f2n c\u00f3 th\u1ec3 d\u1eabn \u0111\u1ebfn hi\u1ec7u su\u1ea5t c\u1eaft gi\u1ea3m s\u00fat, chi ph\u00ed b\u1ea3o tr\u00ec t\u0103ng cao v\u00e0 th\u1eddi gian ng\u1eebng ho\u1ea1t \u0111\u1ed9ng b\u1ea5t ng\u1edd.<\/p>\n<h3 data-start=\"1274\" data-end=\"1326\"><strong data-start=\"1278\" data-end=\"1324\">Thi\u1ebft k\u1ebf b\u1ec1n b\u1ec9 v\u00e0 ch\u1ecbu \u0111\u01b0\u1ee3c \u00e1p su\u1ea5t cao<\/strong><\/h3>\n<p data-start=\"1327\" data-end=\"1685\">C\u1ee7a ch\u00fang t\u00f4i <strong data-start=\"1331\" data-end=\"1373\">Mi\u1ebfng \u0111\u1ec7m ch\u1ecbu \u00e1p su\u1ea5t cao cho b\u01a1m tia n\u01b0\u1edbc<\/strong> \u0111\u01b0\u1ee3c ch\u1ebf t\u1ea1o t\u1eeb c\u00e1c v\u1eadt li\u1ec7u ch\u1ed1ng m\u00e0i m\u00f2n cao c\u1ea5p. S\u1ea3n ph\u1ea9m c\u00f3 th\u1ec3 ch\u1ecbu \u0111\u01b0\u1ee3c \u00e1p su\u1ea5t c\u1ef1c cao v\u00e0 s\u1ef1 thay \u0111\u1ed5i nhi\u1ec7t \u0111\u1ed9 m\u1ea1nh m\u1ebd m\u00e0 v\u1eabn duy tr\u00ec hi\u1ec7u su\u1ea5t l\u00e0m k\u00edn. \u0110i\u1ec1u n\u00e0y khi\u1ebfn s\u1ea3n ph\u1ea9m tr\u1edf th\u00e0nh l\u1ef1a ch\u1ecdn l\u00fd t\u01b0\u1edfng cho c\u00e1c ho\u1ea1t \u0111\u1ed9ng c\u1eaft g\u1ecdt c\u00f4ng su\u1ea5t l\u1edbn trong c\u00e1c ng\u00e0nh c\u00f4ng nghi\u1ec7p nh\u01b0 gia c\u00f4ng \u0111\u00e1, gia c\u00f4ng kim lo\u1ea1i, s\u1ea3n xu\u1ea5t k\u00ednh v\u00e0 v\u1eadt li\u1ec7u composite.<\/p>\n<h3 data-start=\"1687\" data-end=\"1731\"><strong data-start=\"1691\" data-end=\"1729\">V\u1eeba v\u1eb7n ch\u00ednh x\u00e1c v\u00e0 d\u1ec5 d\u00e0ng thay th\u1ebf<\/strong><\/h3>\n<p data-start=\"1732\" data-end=\"1965\">C\u00e1i <strong data-start=\"1736\" data-end=\"1780\">Mi\u1ebfng \u0111\u1ec7m thay th\u1ebf cho \u0111\u1ea7u c\u1eaft tia n\u01b0\u1edbc<\/strong> \u0111\u01b0\u1ee3c thi\u1ebft k\u1ebf \u0111\u1ec3 v\u1eeba v\u1eb7n ho\u00e0n h\u1ea3o, \u0111\u1ea3m b\u1ea3o \u0111\u1ed9 k\u00edn kh\u00edt gi\u1eefa c\u00e1c b\u1ed9 ph\u1eadn ch\u00ednh. Thi\u1ebft k\u1ebf n\u00e0y gi\u00fap vi\u1ec7c l\u1eafp \u0111\u1eb7t tr\u1edf n\u00ean nhanh ch\u00f3ng v\u00e0 \u0111\u01a1n gi\u1ea3n, t\u1eeb \u0111\u00f3 gi\u1ea3m thi\u1ec3u th\u1eddi gian ng\u1eebng ho\u1ea1t \u0111\u1ed9ng c\u1ee7a m\u00e1y m\u00f3c v\u00e0 c\u00f4ng s\u1ee9c b\u1ea3o tr\u00ec.<\/p>\n<h3 data-start=\"1967\" data-end=\"2024\"><strong data-start=\"1971\" data-end=\"2022\">\u1ee8ng d\u1ee5ng \u0111a d\u1ea1ng v\u00e0 hi\u1ec7u su\u1ea5t \u0111\u00e1ng tin c\u1eady<\/strong><\/h3>\n<p data-start=\"2025\" data-end=\"2288\">D\u00f9 l\u00e0 b\u1ea3o tr\u00ec \u0111\u1ecbnh k\u1ef3 hay s\u1eeda ch\u1eefa kh\u1ea9n c\u1ea5p, d\u1ecbch v\u1ee5 c\u1ee7a ch\u00fang t\u00f4i <strong data-start=\"2080\" data-end=\"2123\">mi\u1ebfng \u0111\u1ec7m k\u00edn b\u1ec1n cho h\u1ec7 th\u1ed1ng phun n\u01b0\u1edbc \u00e1p l\u1ef1c cao<\/strong> t\u01b0\u01a1ng th\u00edch v\u1edbi nhi\u1ec1u th\u01b0\u01a1ng hi\u1ec7u m\u00e1y c\u1eaft tia n\u01b0\u1edbc. Tu\u1ed5i th\u1ecd cao v\u00e0 hi\u1ec7u su\u1ea5t \u1ed5n \u0111\u1ecbnh c\u1ee7a s\u1ea3n ph\u1ea9m gi\u00fap \u0111\u1ea3m b\u1ea3o quy tr\u00ecnh c\u1eaft c\u1ee7a b\u1ea1n lu\u00f4n nh\u1ea5t qu\u00e1n v\u00e0 ch\u00ednh x\u00e1c.<\/p>\n<h3 data-start=\"2290\" data-end=\"2326\"><strong data-start=\"2294\" data-end=\"2324\">D\u1ecbch v\u1ee5 c\u1eaft b\u1eb1ng tia n\u01b0\u1edbc tr\u1ecdn g\u00f3i<\/strong><\/h3>\n<p data-start=\"2327\" data-end=\"2627\">Ngo\u00e0i vi\u1ec7c cung c\u1ea5p c\u00e1c mi\u1ebfng \u0111\u1ec7m ch\u1ea5t l\u01b0\u1ee3ng cao, ch\u00fang t\u00f4i c\u00f2n cung c\u1ea5p c\u00e1c d\u1ecbch v\u1ee5 chuy\u00ean nghi\u1ec7p v\u1ec1 h\u1ec7 th\u1ed1ng c\u1eaft b\u1eb1ng tia n\u01b0\u1edbc, bao g\u1ed3m l\u1eafp \u0111\u1eb7t, b\u1ea3o tr\u00ec ph\u00f2ng ng\u1eeba, kh\u1eafc ph\u1ee5c s\u1ef1 c\u1ed1, s\u1eeda ch\u1eefa v\u00e0 th\u00e1o d\u1ee1. V\u1edbi kinh nghi\u1ec7m chuy\u00ean m\u00f4n c\u1ee7a ch\u00fang t\u00f4i, h\u1ec7 th\u1ed1ng c\u1eaft b\u1eb1ng tia n\u01b0\u1edbc c\u1ee7a qu\u00fd kh\u00e1ch s\u1ebd lu\u00f4n \u0111\u01b0\u1ee3c duy tr\u00ec \u1edf tr\u1ea1ng th\u00e1i ho\u1ea1t \u0111\u1ed9ng t\u1ed1i \u01b0u, mang l\u1ea1i k\u1ebft qu\u1ea3 ch\u00ednh x\u00e1c v\u00e0 hi\u1ec7u qu\u1ea3 trong m\u1ecdi tr\u01b0\u1eddng h\u1ee3p.<\/p>","protected":false},"excerpt":{"rendered":"<p>High-Quality Waterjet Gasket for Cutting Machines A waterjet gasket is a vital sealing component in any high-pressure waterjet cutting system. It prevents leaks, maintains consistent pressure, and ensures the system runs efficiently. Without a reliable gasket, water or abrasive leakage can lead to reduced cutting performance, higher maintenance costs, and unexpected downtime. Durable and High-Pressure [&hellip;]<\/p>\n","protected":false},"featured_media":7040,"template":"","meta":{"site-sidebar-layout":"default","site-content-layout":"","ast-site-content-layout":"default","site-content-style":"default","site-sidebar-style":"default","ast-global-header-display":"","ast-banner-title-visibility":"","ast-main-header-display":"","ast-hfb-above-header-display":"","ast-hfb-below-header-display":"","ast-hfb-mobile-header-display":"","site-post-title":"","ast-breadcrumbs-content":"","ast-featured-img":"","footer-sml-layout":"","ast-disable-related-posts":"","theme-transparent-header-meta":"default","adv-header-id-meta":"","stick-header-meta":"default","header-above-stick-meta":"","header-main-stick-meta":"","header-below-stick-meta":"","astra-migrate-meta-layouts":"set","ast-page-background-enabled":"default","ast-page-background-meta":{"desktop":{"background-color":"","background-image":"","background-repeat":"repeat","background-position":"center center","background-size":"auto","background-attachment":"scroll","background-type":"","background-media":"","overlay-type":"","overlay-color":"","overlay-opacity":"","overlay-gradient":""},"tablet":{"background-color":"","background-image":"","background-repeat":"repeat","background-position":"center center","background-size":"auto","background-attachment":"scroll","background-type":"","background-media":"","overlay-type":"","overlay-color":"","overlay-opacity":"","overlay-gradient":""},"mobile":{"background-color":"","background-image":"","background-repeat":"repeat","background-position":"center center","background-size":"auto","background-attachment":"scroll","background-type":"","background-media":"","overlay-type":"","overlay-color":"","overlay-opacity":"","overlay-gradient":""}},"ast-content-background-meta":{"desktop":{"background-color":"var(--ast-global-color-5)","background-image":"","background-repeat":"repeat","background-position":"center center","background-size":"auto","background-attachment":"scroll","background-type":"","background-media":"","overlay-type":"","overlay-color":"","overlay-opacity":"","overlay-gradient":""},"tablet":{"background-color":"var(--ast-global-color-5)","background-image":"","background-repeat":"repeat","background-position":"center center","background-size":"auto","background-attachment":"scroll","background-type":"","background-media":"","overlay-type":"","overlay-color":"","overlay-opacity":"","overlay-gradient":""},"mobile":{"background-color":"var(--ast-global-color-5)","background-image":"","background-repeat":"repeat","background-position":"center center","background-size":"auto","background-attachment":"scroll","background-type":"","background-media":"","overlay-type":"","overlay-color":"","overlay-opacity":"","overlay-gradient":""}},"iawp_total_views":0},"product_brand":[],"product_cat":[54,16],"product_tag":[],"class_list":{"0":"post-7044","1":"product","2":"type-product","3":"status-publish","4":"has-post-thumbnail","6":"product_cat-apw","7":"product_cat-water-jet-accessories","8":"desktop-align-left","9":"tablet-align-left","10":"mobile-align-left","11":"ast-product-gallery-layout-horizontal-slider","12":"ast-product-gallery-with-no-image","13":"ast-product-tabs-layout-horizontal","15":"first","16":"instock","17":"shipping-taxable","18":"product-type-simple"},"yoast_head":"<!-- This site is optimized with the Yoast SEO Premium plugin v27.3 (Yoast SEO v27.3) - https:\/\/yoast.com\/product\/yoast-seo-premium-wordpress\/ -->\n<title>Waterjet Gasket | High Pressure Cutting Machine Seal<\/title>\n<meta name=\"description\" content=\"High-quality waterjet gasket for cutting machines. Durable, high-pressure resistant, and easy to replace for reliable waterjet sealing performance.\" \/>\n<meta name=\"robots\" content=\"index, follow, max-snippet:-1, max-image-preview:large, max-video-preview:-1\" \/>\n<link rel=\"canonical\" href=\"https:\/\/tocut.net\/vi\/trang-san-pham\/mieng-dem\/\" \/>\n<meta property=\"og:locale\" content=\"vi_VN\" \/>\n<meta property=\"og:type\" content=\"article\" \/>\n<meta property=\"og:title\" content=\"gasket\" \/>\n<meta property=\"og:description\" content=\"High-quality waterjet gasket for cutting machines. Durable, high-pressure resistant, and easy to replace for reliable waterjet sealing performance.\" \/>\n<meta property=\"og:url\" content=\"https:\/\/tocut.net\/vi\/trang-san-pham\/mieng-dem\/\" \/>\n<meta property=\"og:site_name\" content=\"TOCUT-Waterjet Repair | Cutting Equipment Installation| Maintenance | Installation | Service | Spare Parts | CNC Equipment Support | Fabrication Equipment | Precision Equipment\" \/>\n<meta property=\"article:modified_time\" content=\"2025-08-14T06:42:39+00:00\" \/>\n<meta property=\"og:image\" content=\"https:\/\/tocut.net\/wp-content\/uploads\/2025\/06\/gasket.jpg\" \/>\n\t<meta property=\"og:image:width\" content=\"1000\" \/>\n\t<meta property=\"og:image:height\" content=\"1000\" \/>\n\t<meta property=\"og:image:type\" content=\"image\/jpeg\" \/>\n<meta name=\"twitter:card\" content=\"summary_large_image\" \/>\n<meta name=\"twitter:label1\" content=\"\u01af\u1edbc t\u00ednh th\u1eddi gian \u0111\u1ecdc\" \/>\n\t<meta name=\"twitter:data1\" content=\"2 ph\u00fat\" \/>\n<script type=\"application\/ld+json\" class=\"yoast-schema-graph\">{\"@context\":\"https:\\\/\\\/schema.org\",\"@graph\":[{\"@type\":\"WebPage\",\"@id\":\"https:\\\/\\\/tocut.net\\\/products-page\\\/gasket\\\/\",\"url\":\"https:\\\/\\\/tocut.net\\\/products-page\\\/gasket\\\/\",\"name\":\"Waterjet Gasket | High Pressure Cutting Machine Seal\",\"isPartOf\":{\"@id\":\"https:\\\/\\\/tocut.net\\\/#website\"},\"primaryImageOfPage\":{\"@id\":\"https:\\\/\\\/tocut.net\\\/products-page\\\/gasket\\\/#primaryimage\"},\"image\":{\"@id\":\"https:\\\/\\\/tocut.net\\\/products-page\\\/gasket\\\/#primaryimage\"},\"thumbnailUrl\":\"https:\\\/\\\/tocut.net\\\/wp-content\\\/uploads\\\/2025\\\/06\\\/gasket.jpg\",\"datePublished\":\"2025-06-28T09:02:09+00:00\",\"dateModified\":\"2025-08-14T06:42:39+00:00\",\"description\":\"High-quality waterjet gasket for cutting machines. Durable, high-pressure resistant, and easy to replace for reliable waterjet sealing performance.\",\"breadcrumb\":{\"@id\":\"https:\\\/\\\/tocut.net\\\/products-page\\\/gasket\\\/#breadcrumb\"},\"inLanguage\":\"vi\",\"potentialAction\":[{\"@type\":\"ReadAction\",\"target\":[\"https:\\\/\\\/tocut.net\\\/products-page\\\/gasket\\\/\"]}]},{\"@type\":\"ImageObject\",\"inLanguage\":\"vi\",\"@id\":\"https:\\\/\\\/tocut.net\\\/products-page\\\/gasket\\\/#primaryimage\",\"url\":\"https:\\\/\\\/tocut.net\\\/wp-content\\\/uploads\\\/2025\\\/06\\\/gasket.jpg\",\"contentUrl\":\"https:\\\/\\\/tocut.net\\\/wp-content\\\/uploads\\\/2025\\\/06\\\/gasket.jpg\",\"width\":1000,\"height\":1000,\"caption\":\"gasket\"},{\"@type\":\"BreadcrumbList\",\"@id\":\"https:\\\/\\\/tocut.net\\\/products-page\\\/gasket\\\/#breadcrumb\",\"itemListElement\":[{\"@type\":\"ListItem\",\"position\":1,\"name\":\"Home\",\"item\":\"https:\\\/\\\/tocut.net\\\/\"},{\"@type\":\"ListItem\",\"position\":2,\"name\":\"Accessories\",\"item\":\"https:\\\/\\\/tocut.net\\\/accessories\\\/\"},{\"@type\":\"ListItem\",\"position\":3,\"name\":\"gasket\"}]},{\"@type\":\"WebSite\",\"@id\":\"https:\\\/\\\/tocut.net\\\/#website\",\"url\":\"https:\\\/\\\/tocut.net\\\/\",\"name\":\"tocut\",\"description\":\"We provide reliable solutions for fabrication and precision equipment, including waterjet repair, cutting equipment installation, CNC equipment support, and full maintenance, service, and spare parts for machines like laser cutters, grinders, lathes, and milling machines.\",\"publisher\":{\"@id\":\"https:\\\/\\\/tocut.net\\\/#organization\"},\"potentialAction\":[{\"@type\":\"SearchAction\",\"target\":{\"@type\":\"EntryPoint\",\"urlTemplate\":\"https:\\\/\\\/tocut.net\\\/?s={search_term_string}\"},\"query-input\":{\"@type\":\"PropertyValueSpecification\",\"valueRequired\":true,\"valueName\":\"search_term_string\"}}],\"inLanguage\":\"vi\"},{\"@type\":\"Organization\",\"@id\":\"https:\\\/\\\/tocut.net\\\/#organization\",\"name\":\"tocut\",\"url\":\"https:\\\/\\\/tocut.net\\\/\",\"logo\":{\"@type\":\"ImageObject\",\"inLanguage\":\"vi\",\"@id\":\"https:\\\/\\\/tocut.net\\\/#\\\/schema\\\/logo\\\/image\\\/\",\"url\":\"https:\\\/\\\/tocut.net\\\/wp-content\\\/uploads\\\/2025\\\/05\\\/logo5-scaled.png\",\"contentUrl\":\"https:\\\/\\\/tocut.net\\\/wp-content\\\/uploads\\\/2025\\\/05\\\/logo5-scaled.png\",\"width\":2560,\"height\":963,\"caption\":\"tocut\"},\"image\":{\"@id\":\"https:\\\/\\\/tocut.net\\\/#\\\/schema\\\/logo\\\/image\\\/\"}}]}<\/script>\n<!-- \/ Yoast SEO Premium plugin. -->","yoast_head_json":{"title":"Mi\u1ebfng \u0111\u1ec7m cho m\u00e1y c\u1eaft tia n\u01b0\u1edbc | Mi\u1ebfng \u0111\u1ec7m cho m\u00e1y c\u1eaft \u00e1p su\u1ea5t cao","description":"Mi\u1ebfng \u0111\u1ec7m phun n\u01b0\u1edbc ch\u1ea5t l\u01b0\u1ee3ng cao d\u00e0nh cho m\u00e1y c\u1eaft. B\u1ec1n b\u1ec9, ch\u1ecbu \u0111\u01b0\u1ee3c \u00e1p su\u1ea5t cao v\u00e0 d\u1ec5 thay th\u1ebf, \u0111\u1ea3m b\u1ea3o hi\u1ec7u su\u1ea5t l\u00e0m k\u00edn phun n\u01b0\u1edbc \u0111\u00e1ng tin c\u1eady.","robots":{"index":"index","follow":"follow","max-snippet":"max-snippet:-1","max-image-preview":"max-image-preview:large","max-video-preview":"max-video-preview:-1"},"canonical":"https:\/\/tocut.net\/vi\/trang-san-pham\/mieng-dem\/","og_locale":"vi_VN","og_type":"article","og_title":"gasket","og_description":"High-quality waterjet gasket for cutting machines. Durable, high-pressure resistant, and easy to replace for reliable waterjet sealing performance.","og_url":"https:\/\/tocut.net\/vi\/trang-san-pham\/mieng-dem\/","og_site_name":"TOCUT-Waterjet Repair | Cutting Equipment Installation| Maintenance | Installation | Service | Spare Parts | CNC Equipment Support | Fabrication Equipment | Precision Equipment","article_modified_time":"2025-08-14T06:42:39+00:00","og_image":[{"width":1000,"height":1000,"url":"https:\/\/tocut.net\/wp-content\/uploads\/2025\/06\/gasket.jpg","type":"image\/jpeg"}],"twitter_card":"summary_large_image","twitter_misc":{"\u01af\u1edbc t\u00ednh th\u1eddi gian \u0111\u1ecdc":"2 ph\u00fat"},"schema":{"@context":"https:\/\/schema.org","@graph":[{"@type":"WebPage","@id":"https:\/\/tocut.net\/products-page\/gasket\/","url":"https:\/\/tocut.net\/products-page\/gasket\/","name":"Mi\u1ebfng \u0111\u1ec7m cho m\u00e1y c\u1eaft tia n\u01b0\u1edbc | Mi\u1ebfng \u0111\u1ec7m cho m\u00e1y c\u1eaft \u00e1p su\u1ea5t cao","isPartOf":{"@id":"https:\/\/tocut.net\/#website"},"primaryImageOfPage":{"@id":"https:\/\/tocut.net\/products-page\/gasket\/#primaryimage"},"image":{"@id":"https:\/\/tocut.net\/products-page\/gasket\/#primaryimage"},"thumbnailUrl":"https:\/\/tocut.net\/wp-content\/uploads\/2025\/06\/gasket.jpg","datePublished":"2025-06-28T09:02:09+00:00","dateModified":"2025-08-14T06:42:39+00:00","description":"Mi\u1ebfng \u0111\u1ec7m phun n\u01b0\u1edbc ch\u1ea5t l\u01b0\u1ee3ng cao d\u00e0nh cho m\u00e1y c\u1eaft. B\u1ec1n b\u1ec9, ch\u1ecbu \u0111\u01b0\u1ee3c \u00e1p su\u1ea5t cao v\u00e0 d\u1ec5 thay th\u1ebf, \u0111\u1ea3m b\u1ea3o hi\u1ec7u su\u1ea5t l\u00e0m k\u00edn phun n\u01b0\u1edbc \u0111\u00e1ng tin c\u1eady.","breadcrumb":{"@id":"https:\/\/tocut.net\/products-page\/gasket\/#breadcrumb"},"inLanguage":"vi","potentialAction":[{"@type":"ReadAction","target":["https:\/\/tocut.net\/products-page\/gasket\/"]}]},{"@type":"ImageObject","inLanguage":"vi","@id":"https:\/\/tocut.net\/products-page\/gasket\/#primaryimage","url":"https:\/\/tocut.net\/wp-content\/uploads\/2025\/06\/gasket.jpg","contentUrl":"https:\/\/tocut.net\/wp-content\/uploads\/2025\/06\/gasket.jpg","width":1000,"height":1000,"caption":"gasket"},{"@type":"BreadcrumbList","@id":"https:\/\/tocut.net\/products-page\/gasket\/#breadcrumb","itemListElement":[{"@type":"ListItem","position":1,"name":"Home","item":"https:\/\/tocut.net\/"},{"@type":"ListItem","position":2,"name":"Accessories","item":"https:\/\/tocut.net\/accessories\/"},{"@type":"ListItem","position":3,"name":"gasket"}]},{"@type":"WebSite","@id":"https:\/\/tocut.net\/#website","url":"https:\/\/tocut.net\/","name":"tocut","description":"Ch\u00fang t\u00f4i cung c\u1ea5p c\u00e1c gi\u1ea3i ph\u00e1p \u0111\u00e1ng tin c\u1eady trong l\u0129nh v\u1ef1c gia c\u00f4ng v\u00e0 thi\u1ebft b\u1ecb ch\u00ednh x\u00e1c, bao g\u1ed3m s\u1eeda ch\u1eefa m\u00e1y c\u1eaft tia n\u01b0\u1edbc, l\u1eafp \u0111\u1eb7t thi\u1ebft b\u1ecb c\u1eaft, h\u1ed7 tr\u1ee3 k\u1ef9 thu\u1eadt cho thi\u1ebft b\u1ecb CNC, c\u00f9ng v\u1edbi d\u1ecbch v\u1ee5 b\u1ea3o tr\u00ec to\u00e0n di\u1ec7n, b\u1ea3o d\u01b0\u1ee1ng v\u00e0 cung c\u1ea5p ph\u1ee5 t\u00f9ng thay th\u1ebf cho c\u00e1c lo\u1ea1i m\u00e1y nh\u01b0 m\u00e1y c\u1eaft laser, m\u00e1y m\u00e0i, m\u00e1y ti\u1ec7n v\u00e0 m\u00e1y phay.","publisher":{"@id":"https:\/\/tocut.net\/#organization"},"potentialAction":[{"@type":"SearchAction","target":{"@type":"EntryPoint","urlTemplate":"https:\/\/tocut.net\/?s={search_term_string}"},"query-input":{"@type":"PropertyValueSpecification","valueRequired":true,"valueName":"search_term_string"}}],"inLanguage":"vi"},{"@type":"Organization","@id":"https:\/\/tocut.net\/#organization","name":"tocut","url":"https:\/\/tocut.net\/","logo":{"@type":"ImageObject","inLanguage":"vi","@id":"https:\/\/tocut.net\/#\/schema\/logo\/image\/","url":"https:\/\/tocut.net\/wp-content\/uploads\/2025\/05\/logo5-scaled.png","contentUrl":"https:\/\/tocut.net\/wp-content\/uploads\/2025\/05\/logo5-scaled.png","width":2560,"height":963,"caption":"tocut"},"image":{"@id":"https:\/\/tocut.net\/#\/schema\/logo\/image\/"}}]}},"_links":{"self":[{"href":"https:\/\/tocut.net\/vi\/wp-json\/wp\/v2\/product\/7044","targetHints":{"allow":["GET"]}}],"collection":[{"href":"https:\/\/tocut.net\/vi\/wp-json\/wp\/v2\/product"}],"about":[{"href":"https:\/\/tocut.net\/vi\/wp-json\/wp\/v2\/types\/product"}],"wp:featuredmedia":[{"embeddable":true,"href":"https:\/\/tocut.net\/vi\/wp-json\/wp\/v2\/media\/7040"}],"wp:attachment":[{"href":"https:\/\/tocut.net\/vi\/wp-json\/wp\/v2\/media?parent=7044"}],"wp:term":[{"taxonomy":"product_brand","embeddable":true,"href":"https:\/\/tocut.net\/vi\/wp-json\/wp\/v2\/product_brand?post=7044"},{"taxonomy":"product_cat","embeddable":true,"href":"https:\/\/tocut.net\/vi\/wp-json\/wp\/v2\/product_cat?post=7044"},{"taxonomy":"product_tag","embeddable":true,"href":"https:\/\/tocut.net\/vi\/wp-json\/wp\/v2\/product_tag?post=7044"}],"curies":[{"name":"wp","href":"https:\/\/api.w.org\/{rel}","templated":true}]}}