{"id":5245,"date":"2025-06-17T05:02:12","date_gmt":"2025-06-17T05:02:12","guid":{"rendered":"https:\/\/tocut.net\/?post_type=product&#038;p=5245"},"modified":"2025-08-18T03:19:10","modified_gmt":"2025-08-18T03:19:10","slug":"vong-chu-u-cho-may-cat-nuoc","status":"publish","type":"product","link":"https:\/\/tocut.net\/vi\/trang-san-pham\/vong-chu-u-cho-may-cat-nuoc\/","title":{"rendered":"V\u00f2ng ch\u1eef U"},"content":{"rendered":"<p data-start=\"507\" data-end=\"737\">C\u00e1i <strong data-start=\"511\" data-end=\"530\">V\u00f2ng ch\u1eef U cho m\u00e1y c\u1eaft n\u01b0\u1edbc<\/strong> l\u00e0 m\u1ed9t b\u1ed9 ph\u1eadn l\u00e0m k\u00edn thi\u1ebft y\u1ebfu trong m\u00e1y c\u1eaft tia n\u01b0\u1edbc. \u0110\u01b0\u1ee3c ch\u1ebf t\u1ea1o \u0111\u1ec3 ch\u1ecbu \u0111\u01b0\u1ee3c \u00e1p su\u1ea5t c\u1ef1c cao, b\u1ed9 ph\u1eadn n\u00e0y \u0111\u1ea3m b\u1ea3o qu\u00e1 tr\u00ecnh v\u1eadn h\u00e0nh kh\u00f4ng b\u1ecb r\u00f2 r\u1ec9 v\u00e0 g\u00f3p ph\u1ea7n v\u00e0o s\u1ef1 \u1ed5n \u0111\u1ecbnh v\u00e0 \u0111\u1ed9 ch\u00ednh x\u00e1c t\u1ed5ng th\u1ec3 c\u1ee7a h\u1ec7 th\u1ed1ng c\u1eaft.<\/p>\n<h2 data-start=\"739\" data-end=\"779\">T\u1ea7m quan tr\u1ecdng trong c\u00e1c h\u1ec7 th\u1ed1ng \u00e1p su\u1ea5t cao<\/h2>\n<p data-start=\"780\" data-end=\"1068\">M\u1ed9t v\u00f2ng \u0111\u1ec7m ch\u1eef U ch\u1ea5t l\u01b0\u1ee3ng cao gi\u00fap ng\u0103n ch\u1eb7n r\u00f2 r\u1ec9, duy tr\u00ec \u00e1p su\u1ea5t n\u01b0\u1edbc \u1ed5n \u0111\u1ecbnh v\u00e0 b\u1ea3o v\u1ec7 c\u00e1c b\u1ed9 ph\u1eadn b\u00ean trong kh\u1ecfi s\u1ef1 m\u00e0i m\u00f2n kh\u00f4ng c\u1ea7n thi\u1ebft. Trong qu\u00e1 tr\u00ecnh c\u1eaft b\u1eb1ng tia n\u01b0\u1edbc, kh\u1ea3 n\u0103ng l\u00e0m k\u00edn \u0111\u00e1ng tin c\u1eady c\u00f3 \u1ea3nh h\u01b0\u1edfng tr\u1ef1c ti\u1ebfp \u0111\u1ebfn \u0111\u1ed9 ch\u00ednh x\u00e1c v\u00e0 n\u0103ng su\u1ea5t, do \u0111\u00f3 vi\u1ec7c thay th\u1ebf k\u1ecbp th\u1eddi c\u00e1c v\u00f2ng \u0111\u1ec7m b\u1ecb m\u00f2n l\u00e0 m\u1ed9t ph\u1ea7n quan tr\u1ecdng trong c\u00f4ng t\u00e1c b\u1ea3o tr\u00ec.<\/p>\n<h2 data-start=\"1070\" data-end=\"1096\">T\u00ednh n\u0103ng v\u00e0 l\u1ee3i \u00edch<\/h2>\n<p data-start=\"1097\" data-end=\"1129\">B\u1ed9 ph\u1eadn l\u00e0m k\u00edn n\u00e0y mang l\u1ea1i nh\u1eefng l\u1ee3i \u00edch sau:<\/p>\n<ul data-start=\"1130\" data-end=\"1355\">\n<li data-start=\"1130\" data-end=\"1182\">\n<p data-start=\"1132\" data-end=\"1182\">Kh\u1ea3 n\u0103ng t\u01b0\u01a1ng th\u00edch v\u1edbi c\u00e1c m\u00e1y c\u1eaft tia n\u01b0\u1edbc c\u1ee7a c\u00e1c nh\u00e0 s\u1ea3n xu\u1ea5t thi\u1ebft b\u1ecb g\u1ed1c (OEM) h\u00e0ng \u0111\u1ea7u<\/p>\n<\/li>\n<li data-start=\"1183\" data-end=\"1234\">\n<p data-start=\"1185\" data-end=\"1234\">Kh\u1ea3 n\u0103ng ch\u1ecbu \u00e1p l\u1ef1c, m\u00e0i m\u00f2n v\u00e0 h\u00f3a ch\u1ea5t<\/p>\n<\/li>\n<li data-start=\"1235\" data-end=\"1298\">\n<p data-start=\"1237\" data-end=\"1298\">L\u1eafp \u0111\u1eb7t \u0111\u01a1n gi\u1ea3n cho b\u1ea3o tr\u00ec \u0111\u1ecbnh k\u1ef3 ho\u1eb7c s\u1eeda ch\u1eefa kh\u1ea9n c\u1ea5p<\/p>\n<\/li>\n<li data-start=\"1299\" data-end=\"1355\">\n<p data-start=\"1301\" data-end=\"1355\">Tu\u1ed5i th\u1ecd h\u1ec7 th\u1ed1ng d\u00e0i h\u01a1n v\u00e0 chi ph\u00ed b\u1ea3o tr\u00ec th\u1ea5p h\u01a1n<\/p>\n<\/li>\n<\/ul>\n<p data-start=\"1357\" data-end=\"1465\">Nh\u1eefng \u0111\u1eb7c t\u00ednh n\u00e0y khi\u1ebfn n\u00f3 tr\u1edf th\u00e0nh m\u1ed9t gi\u1ea3i ph\u00e1p \u0111\u00e1ng tin c\u1eady cho c\u00e1c ng\u00e0nh c\u00f4ng nghi\u1ec7p c\u1ea7n \u0111\u1ebfn qu\u00e1 tr\u00ecnh c\u1eaft li\u00ean t\u1ee5c v\u00e0 ch\u00ednh x\u00e1c.<\/p>\n<h2 data-start=\"1467\" data-end=\"1502\">\u1ee8ng d\u1ee5ng trong c\u00e1c ng\u00e0nh c\u00f4ng nghi\u1ec7p<\/h2>\n<p data-start=\"1503\" data-end=\"1736\">V\u00f2ng U-Ring \u0111\u01b0\u1ee3c \u1ee9ng d\u1ee5ng r\u1ed9ng r\u00e3i trong c\u00e1c l\u0129nh v\u1ef1c nh\u01b0 h\u00e0ng kh\u00f4ng v\u0169 tr\u1ee5, \u00f4 t\u00f4, ch\u1ebf bi\u1ebfn \u0111\u00e1 v\u00e0 gia c\u00f4ng kim lo\u1ea1i ch\u00ednh x\u00e1c. \u1ede b\u1ea5t k\u1ef3 n\u01a1i n\u00e0o s\u1eed d\u1ee5ng h\u1ec7 th\u1ed1ng phun n\u01b0\u1edbc \u00e1p l\u1ef1c cao, kh\u1ea3 n\u0103ng l\u00e0m k\u00edn \u0111\u00e1ng tin c\u1eady \u0111\u1ec1u \u0111\u1ea3m b\u1ea3o an to\u00e0n, ch\u1ea5t l\u01b0\u1ee3ng v\u00e0 hi\u1ec7u qu\u1ea3.<\/p>\n<h2 data-start=\"1738\" data-end=\"1770\">B\u1ea3o tr\u00ec v\u00e0 thay th\u1ebf<\/h2>\n<p data-start=\"1771\" data-end=\"2047\">Vi\u1ec7c ki\u1ec3m tra \u0111\u1ecbnh k\u1ef3 c\u00e1c v\u00f2ng \u0111\u1ec7m l\u00e0 r\u1ea5t c\u1ea7n thi\u1ebft. Theo th\u1eddi gian, vi\u1ec7c ti\u1ebfp x\u00fac v\u1edbi c\u00e1c v\u1eadt li\u1ec7u m\u00e0i m\u00f2n v\u00e0 \u00e1p l\u1ef1c n\u01b0\u1edbc cao c\u00f3 th\u1ec3 g\u00e2y ra s\u1ef1 m\u00e0i m\u00f2n. Thay th\u1ebf b\u1ed9 ph\u1eadn n\u00e0y b\u1eb1ng m\u1ed9t s\u1ea3n ph\u1ea9m t\u01b0\u01a1ng th\u00edch v\u1edbi OEM <strong data-start=\"1942\" data-end=\"1961\">V\u00f2ng ch\u1eef U cho m\u00e1y c\u1eaft n\u01b0\u1edbc<\/strong> \u0111\u1ea3m b\u1ea3o hi\u1ec7u su\u1ea5t \u1ed5n \u0111\u1ecbnh, gi\u1ea3m th\u1eddi gian ng\u1eebng ho\u1ea1t \u0111\u1ed9ng v\u00e0 duy tr\u00ec k\u1ebft qu\u1ea3 c\u1eaft \u1ed5n \u0111\u1ecbnh.<\/p>\n<h2 data-start=\"2049\" data-end=\"2093\">T\u1ea1i sao n\u00ean ch\u1ecdn ph\u1ee5 t\u00f9ng v\u00e0 d\u1ecbch v\u1ee5 c\u1ee7a ch\u00fang t\u00f4i<\/h2>\n<p data-start=\"2094\" data-end=\"2435\">C\u00f4ng ty ch\u00fang t\u00f4i cung c\u1ea5p c\u00e1c gi\u1ea3i ph\u00e1p to\u00e0n di\u1ec7n v\u1ec1 m\u00e1y c\u1eaft tia n\u01b0\u1edbc, bao g\u1ed3m b\u1ea3o tr\u00ec, s\u1eeda ch\u1eefa, l\u1eafp \u0111\u1eb7t, th\u00e1o d\u1ee1 v\u00e0 cung c\u1ea5p ph\u1ee5 t\u00f9ng thay th\u1ebf ch\u1ea5t l\u01b0\u1ee3ng cao. M\u1ed7i v\u00f2ng U-Ring m\u00e0 ch\u00fang t\u00f4i cung c\u1ea5p \u0111\u1ec1u \u0111\u01b0\u1ee3c ki\u1ec3m tra v\u1ec1 \u0111\u1ed9 b\u1ec1n v\u00e0 t\u00ednh t\u01b0\u01a1ng th\u00edch, \u0111\u1ea3m b\u1ea3o \u0111\u00e1p \u1ee9ng c\u00e1c ti\u00eau chu\u1ea9n ng\u00e0nh. V\u1edbi c\u00e1c ph\u1ee5 t\u00f9ng \u0111\u00e1ng tin c\u1eady v\u00e0 d\u1ecbch v\u1ee5 chuy\u00ean nghi\u1ec7p, ch\u00fang t\u00f4i gi\u00fap kh\u00e1ch h\u00e0ng gi\u1ea3m chi ph\u00ed v\u00e0 t\u1ed1i \u0111a h\u00f3a th\u1eddi gian ho\u1ea1t \u0111\u1ed9ng c\u1ee7a m\u00e1y m\u00f3c.<\/p>","protected":false},"excerpt":{"rendered":"<p>The Waterjet U-Ring is an essential sealing part in waterjet cutting machines. Built to withstand extreme pressure, it ensures leak-free operation and contributes to the overall stability and precision of the cutting system. Importance in High-Pressure Systems A high-quality U-Ring prevents leaks, maintains consistent water pressure, and protects internal components from unnecessary wear. In waterjet [&hellip;]<\/p>\n","protected":false},"featured_media":5237,"template":"","meta":{"site-sidebar-layout":"default","site-content-layout":"","ast-site-content-layout":"default","site-content-style":"default","site-sidebar-style":"default","ast-global-header-display":"","ast-banner-title-visibility":"","ast-main-header-display":"","ast-hfb-above-header-display":"","ast-hfb-below-header-display":"","ast-hfb-mobile-header-display":"","site-post-title":"","ast-breadcrumbs-content":"","ast-featured-img":"","footer-sml-layout":"","ast-disable-related-posts":"","theme-transparent-header-meta":"default","adv-header-id-meta":"","stick-header-meta":"default","header-above-stick-meta":"","header-main-stick-meta":"","header-below-stick-meta":"","astra-migrate-meta-layouts":"set","ast-page-background-enabled":"default","ast-page-background-meta":{"desktop":{"background-color":"","background-image":"","background-repeat":"repeat","background-position":"center center","background-size":"auto","background-attachment":"scroll","background-type":"","background-media":"","overlay-type":"","overlay-color":"","overlay-opacity":"","overlay-gradient":""},"tablet":{"background-color":"","background-image":"","background-repeat":"repeat","background-position":"center center","background-size":"auto","background-attachment":"scroll","background-type":"","background-media":"","overlay-type":"","overlay-color":"","overlay-opacity":"","overlay-gradient":""},"mobile":{"background-color":"","background-image":"","background-repeat":"repeat","background-position":"center center","background-size":"auto","background-attachment":"scroll","background-type":"","background-media":"","overlay-type":"","overlay-color":"","overlay-opacity":"","overlay-gradient":""}},"ast-content-background-meta":{"desktop":{"background-color":"var(--ast-global-color-5)","background-image":"","background-repeat":"repeat","background-position":"center center","background-size":"auto","background-attachment":"scroll","background-type":"","background-media":"","overlay-type":"","overlay-color":"","overlay-opacity":"","overlay-gradient":""},"tablet":{"background-color":"var(--ast-global-color-5)","background-image":"","background-repeat":"repeat","background-position":"center center","background-size":"auto","background-attachment":"scroll","background-type":"","background-media":"","overlay-type":"","overlay-color":"","overlay-opacity":"","overlay-gradient":""},"mobile":{"background-color":"var(--ast-global-color-5)","background-image":"","background-repeat":"repeat","background-position":"center center","background-size":"auto","background-attachment":"scroll","background-type":"","background-media":"","overlay-type":"","overlay-color":"","overlay-opacity":"","overlay-gradient":""}},"iawp_total_views":0},"product_brand":[],"product_cat":[56,16],"product_tag":[],"class_list":{"0":"post-5245","1":"product","2":"type-product","3":"status-publish","4":"has-post-thumbnail","6":"product_cat-head","7":"product_cat-water-jet-accessories","8":"desktop-align-left","9":"tablet-align-left","10":"mobile-align-left","11":"ast-product-gallery-layout-horizontal-slider","12":"ast-product-gallery-with-no-image","13":"ast-product-tabs-layout-horizontal","15":"first","16":"instock","17":"shipping-taxable","18":"product-type-simple"},"yoast_head":"<!-- This site is optimized with the Yoast SEO Premium plugin v27.3 (Yoast SEO v27.4) - https:\/\/yoast.com\/product\/yoast-seo-premium-wordpress\/ -->\n<title>Waterjet U-Ring \u2013 Durable Seal for Cutting Machines<\/title>\n<meta name=\"description\" content=\"High-quality Waterjet U-Ring designed for durability and leak prevention. OEM compatible, easy to install, and ideal for waterjet cutting machines.\" \/>\n<meta name=\"robots\" content=\"index, follow, max-snippet:-1, max-image-preview:large, max-video-preview:-1\" \/>\n<link rel=\"canonical\" href=\"https:\/\/tocut.net\/vi\/trang-san-pham\/vong-chu-u-cho-may-cat-nuoc\/\" \/>\n<meta property=\"og:locale\" content=\"vi_VN\" \/>\n<meta property=\"og:type\" content=\"article\" \/>\n<meta property=\"og:title\" content=\"U-Ring\" \/>\n<meta property=\"og:description\" content=\"High-quality Waterjet U-Ring designed for durability and leak prevention. OEM compatible, easy to install, and ideal for waterjet cutting machines.\" \/>\n<meta property=\"og:url\" content=\"https:\/\/tocut.net\/vi\/trang-san-pham\/vong-chu-u-cho-may-cat-nuoc\/\" \/>\n<meta property=\"og:site_name\" content=\"TOCUT-Waterjet Repair | Cutting Equipment Installation| Maintenance | Installation | Service | Spare Parts | CNC Equipment Support | Fabrication Equipment | Precision Equipment\" \/>\n<meta property=\"article:modified_time\" content=\"2025-08-18T03:19:10+00:00\" \/>\n<meta property=\"og:image\" content=\"https:\/\/tocut.net\/wp-content\/uploads\/2025\/06\/U\u578b\u5708218-00016-01.jpg\" \/>\n\t<meta property=\"og:image:width\" content=\"1000\" \/>\n\t<meta property=\"og:image:height\" content=\"1000\" \/>\n\t<meta property=\"og:image:type\" content=\"image\/jpeg\" \/>\n<meta name=\"twitter:card\" content=\"summary_large_image\" \/>\n<meta name=\"twitter:label1\" content=\"\u01af\u1edbc t\u00ednh th\u1eddi gian \u0111\u1ecdc\" \/>\n\t<meta name=\"twitter:data1\" content=\"2 ph\u00fat\" \/>\n<script type=\"application\/ld+json\" class=\"yoast-schema-graph\">{\"@context\":\"https:\\\/\\\/schema.org\",\"@graph\":[{\"@type\":\"WebPage\",\"@id\":\"https:\\\/\\\/tocut.net\\\/products-page\\\/waterjet-u%e2%80%91ring\\\/\",\"url\":\"https:\\\/\\\/tocut.net\\\/products-page\\\/waterjet-u%e2%80%91ring\\\/\",\"name\":\"Waterjet U-Ring \u2013 Durable Seal for Cutting Machines\",\"isPartOf\":{\"@id\":\"https:\\\/\\\/tocut.net\\\/#website\"},\"primaryImageOfPage\":{\"@id\":\"https:\\\/\\\/tocut.net\\\/products-page\\\/waterjet-u%e2%80%91ring\\\/#primaryimage\"},\"image\":{\"@id\":\"https:\\\/\\\/tocut.net\\\/products-page\\\/waterjet-u%e2%80%91ring\\\/#primaryimage\"},\"thumbnailUrl\":\"https:\\\/\\\/tocut.net\\\/wp-content\\\/uploads\\\/2025\\\/06\\\/U\u578b\u5708218-00016-01.jpg\",\"datePublished\":\"2025-06-17T05:02:12+00:00\",\"dateModified\":\"2025-08-18T03:19:10+00:00\",\"description\":\"High-quality Waterjet U-Ring designed for durability and leak prevention. OEM compatible, easy to install, and ideal for waterjet cutting machines.\",\"breadcrumb\":{\"@id\":\"https:\\\/\\\/tocut.net\\\/products-page\\\/waterjet-u%e2%80%91ring\\\/#breadcrumb\"},\"inLanguage\":\"vi\",\"potentialAction\":[{\"@type\":\"ReadAction\",\"target\":[\"https:\\\/\\\/tocut.net\\\/products-page\\\/waterjet-u%e2%80%91ring\\\/\"]}]},{\"@type\":\"ImageObject\",\"inLanguage\":\"vi\",\"@id\":\"https:\\\/\\\/tocut.net\\\/products-page\\\/waterjet-u%e2%80%91ring\\\/#primaryimage\",\"url\":\"https:\\\/\\\/tocut.net\\\/wp-content\\\/uploads\\\/2025\\\/06\\\/U\u578b\u5708218-00016-01.jpg\",\"contentUrl\":\"https:\\\/\\\/tocut.net\\\/wp-content\\\/uploads\\\/2025\\\/06\\\/U\u578b\u5708218-00016-01.jpg\",\"width\":1000,\"height\":1000,\"caption\":\"High-quality U-Ring for waterjet equipment maintenance and professional installation\"},{\"@type\":\"BreadcrumbList\",\"@id\":\"https:\\\/\\\/tocut.net\\\/products-page\\\/waterjet-u%e2%80%91ring\\\/#breadcrumb\",\"itemListElement\":[{\"@type\":\"ListItem\",\"position\":1,\"name\":\"Home\",\"item\":\"https:\\\/\\\/tocut.net\\\/\"},{\"@type\":\"ListItem\",\"position\":2,\"name\":\"Accessories\",\"item\":\"https:\\\/\\\/tocut.net\\\/accessories\\\/\"},{\"@type\":\"ListItem\",\"position\":3,\"name\":\"U-Ring\"}]},{\"@type\":\"WebSite\",\"@id\":\"https:\\\/\\\/tocut.net\\\/#website\",\"url\":\"https:\\\/\\\/tocut.net\\\/\",\"name\":\"tocut\",\"description\":\"We provide reliable solutions for fabrication and precision equipment, including waterjet repair, cutting equipment installation, CNC equipment support, and full maintenance, service, and spare parts for machines like laser cutters, grinders, lathes, and milling machines.\",\"publisher\":{\"@id\":\"https:\\\/\\\/tocut.net\\\/#organization\"},\"potentialAction\":[{\"@type\":\"SearchAction\",\"target\":{\"@type\":\"EntryPoint\",\"urlTemplate\":\"https:\\\/\\\/tocut.net\\\/?s={search_term_string}\"},\"query-input\":{\"@type\":\"PropertyValueSpecification\",\"valueRequired\":true,\"valueName\":\"search_term_string\"}}],\"inLanguage\":\"vi\"},{\"@type\":\"Organization\",\"@id\":\"https:\\\/\\\/tocut.net\\\/#organization\",\"name\":\"tocut\",\"url\":\"https:\\\/\\\/tocut.net\\\/\",\"logo\":{\"@type\":\"ImageObject\",\"inLanguage\":\"vi\",\"@id\":\"https:\\\/\\\/tocut.net\\\/#\\\/schema\\\/logo\\\/image\\\/\",\"url\":\"https:\\\/\\\/tocut.net\\\/wp-content\\\/uploads\\\/2025\\\/05\\\/logo5-scaled.png\",\"contentUrl\":\"https:\\\/\\\/tocut.net\\\/wp-content\\\/uploads\\\/2025\\\/05\\\/logo5-scaled.png\",\"width\":2560,\"height\":963,\"caption\":\"tocut\"},\"image\":{\"@id\":\"https:\\\/\\\/tocut.net\\\/#\\\/schema\\\/logo\\\/image\\\/\"}}]}<\/script>\n<!-- \/ Yoast SEO Premium plugin. -->","yoast_head_json":{"title":"V\u00f2ng ch\u1eef U cho m\u00e1y c\u1eaft b\u1eb1ng tia n\u01b0\u1edbc \u2013 Ph\u1ee5 ki\u1ec7n l\u00e0m k\u00edn b\u1ec1n b\u1ec9 cho m\u00e1y c\u1eaft","description":"V\u00f2ng ch\u1eef U cho m\u00e1y c\u1eaft tia n\u01b0\u1edbc ch\u1ea5t l\u01b0\u1ee3ng cao, \u0111\u01b0\u1ee3c thi\u1ebft k\u1ebf \u0111\u1ec3 \u0111\u1ea3m b\u1ea3o \u0111\u1ed9 b\u1ec1n v\u00e0 ch\u1ed1ng r\u00f2 r\u1ec9. T\u01b0\u01a1ng th\u00edch v\u1edbi c\u00e1c thi\u1ebft b\u1ecb OEM, d\u1ec5 l\u1eafp \u0111\u1eb7t v\u00e0 l\u00fd t\u01b0\u1edfng cho m\u00e1y c\u1eaft tia n\u01b0\u1edbc.","robots":{"index":"index","follow":"follow","max-snippet":"max-snippet:-1","max-image-preview":"max-image-preview:large","max-video-preview":"max-video-preview:-1"},"canonical":"https:\/\/tocut.net\/vi\/trang-san-pham\/vong-chu-u-cho-may-cat-nuoc\/","og_locale":"vi_VN","og_type":"article","og_title":"U-Ring","og_description":"High-quality Waterjet U-Ring designed for durability and leak prevention. OEM compatible, easy to install, and ideal for waterjet cutting machines.","og_url":"https:\/\/tocut.net\/vi\/trang-san-pham\/vong-chu-u-cho-may-cat-nuoc\/","og_site_name":"TOCUT-Waterjet Repair | Cutting Equipment Installation| Maintenance | Installation | Service | Spare Parts | CNC Equipment Support | Fabrication Equipment | Precision Equipment","article_modified_time":"2025-08-18T03:19:10+00:00","og_image":[{"width":1000,"height":1000,"url":"https:\/\/tocut.net\/wp-content\/uploads\/2025\/06\/U\u578b\u5708218-00016-01.jpg","type":"image\/jpeg"}],"twitter_card":"summary_large_image","twitter_misc":{"\u01af\u1edbc t\u00ednh th\u1eddi gian \u0111\u1ecdc":"2 ph\u00fat"},"schema":{"@context":"https:\/\/schema.org","@graph":[{"@type":"WebPage","@id":"https:\/\/tocut.net\/products-page\/waterjet-u%e2%80%91ring\/","url":"https:\/\/tocut.net\/products-page\/waterjet-u%e2%80%91ring\/","name":"V\u00f2ng ch\u1eef U cho m\u00e1y c\u1eaft b\u1eb1ng tia n\u01b0\u1edbc \u2013 Ph\u1ee5 ki\u1ec7n l\u00e0m k\u00edn b\u1ec1n b\u1ec9 cho m\u00e1y c\u1eaft","isPartOf":{"@id":"https:\/\/tocut.net\/#website"},"primaryImageOfPage":{"@id":"https:\/\/tocut.net\/products-page\/waterjet-u%e2%80%91ring\/#primaryimage"},"image":{"@id":"https:\/\/tocut.net\/products-page\/waterjet-u%e2%80%91ring\/#primaryimage"},"thumbnailUrl":"https:\/\/tocut.net\/wp-content\/uploads\/2025\/06\/U\u578b\u5708218-00016-01.jpg","datePublished":"2025-06-17T05:02:12+00:00","dateModified":"2025-08-18T03:19:10+00:00","description":"V\u00f2ng ch\u1eef U cho m\u00e1y c\u1eaft tia n\u01b0\u1edbc ch\u1ea5t l\u01b0\u1ee3ng cao, \u0111\u01b0\u1ee3c thi\u1ebft k\u1ebf \u0111\u1ec3 \u0111\u1ea3m b\u1ea3o \u0111\u1ed9 b\u1ec1n v\u00e0 ch\u1ed1ng r\u00f2 r\u1ec9. T\u01b0\u01a1ng th\u00edch v\u1edbi c\u00e1c thi\u1ebft b\u1ecb OEM, d\u1ec5 l\u1eafp \u0111\u1eb7t v\u00e0 l\u00fd t\u01b0\u1edfng cho m\u00e1y c\u1eaft tia n\u01b0\u1edbc.","breadcrumb":{"@id":"https:\/\/tocut.net\/products-page\/waterjet-u%e2%80%91ring\/#breadcrumb"},"inLanguage":"vi","potentialAction":[{"@type":"ReadAction","target":["https:\/\/tocut.net\/products-page\/waterjet-u%e2%80%91ring\/"]}]},{"@type":"ImageObject","inLanguage":"vi","@id":"https:\/\/tocut.net\/products-page\/waterjet-u%e2%80%91ring\/#primaryimage","url":"https:\/\/tocut.net\/wp-content\/uploads\/2025\/06\/U\u578b\u5708218-00016-01.jpg","contentUrl":"https:\/\/tocut.net\/wp-content\/uploads\/2025\/06\/U\u578b\u5708218-00016-01.jpg","width":1000,"height":1000,"caption":"High-quality U-Ring for waterjet equipment maintenance and professional installation"},{"@type":"BreadcrumbList","@id":"https:\/\/tocut.net\/products-page\/waterjet-u%e2%80%91ring\/#breadcrumb","itemListElement":[{"@type":"ListItem","position":1,"name":"Home","item":"https:\/\/tocut.net\/"},{"@type":"ListItem","position":2,"name":"Accessories","item":"https:\/\/tocut.net\/accessories\/"},{"@type":"ListItem","position":3,"name":"U-Ring"}]},{"@type":"WebSite","@id":"https:\/\/tocut.net\/#website","url":"https:\/\/tocut.net\/","name":"tocut","description":"Ch\u00fang t\u00f4i cung c\u1ea5p c\u00e1c gi\u1ea3i ph\u00e1p \u0111\u00e1ng tin c\u1eady trong l\u0129nh v\u1ef1c gia c\u00f4ng v\u00e0 thi\u1ebft b\u1ecb ch\u00ednh x\u00e1c, bao g\u1ed3m s\u1eeda ch\u1eefa m\u00e1y c\u1eaft tia n\u01b0\u1edbc, l\u1eafp \u0111\u1eb7t thi\u1ebft b\u1ecb c\u1eaft, h\u1ed7 tr\u1ee3 k\u1ef9 thu\u1eadt cho thi\u1ebft b\u1ecb CNC, c\u00f9ng v\u1edbi d\u1ecbch v\u1ee5 b\u1ea3o tr\u00ec to\u00e0n di\u1ec7n, b\u1ea3o d\u01b0\u1ee1ng v\u00e0 cung c\u1ea5p ph\u1ee5 t\u00f9ng thay th\u1ebf cho c\u00e1c lo\u1ea1i m\u00e1y nh\u01b0 m\u00e1y c\u1eaft laser, m\u00e1y m\u00e0i, m\u00e1y ti\u1ec7n v\u00e0 m\u00e1y phay.","publisher":{"@id":"https:\/\/tocut.net\/#organization"},"potentialAction":[{"@type":"SearchAction","target":{"@type":"EntryPoint","urlTemplate":"https:\/\/tocut.net\/?s={search_term_string}"},"query-input":{"@type":"PropertyValueSpecification","valueRequired":true,"valueName":"search_term_string"}}],"inLanguage":"vi"},{"@type":"Organization","@id":"https:\/\/tocut.net\/#organization","name":"tocut","url":"https:\/\/tocut.net\/","logo":{"@type":"ImageObject","inLanguage":"vi","@id":"https:\/\/tocut.net\/#\/schema\/logo\/image\/","url":"https:\/\/tocut.net\/wp-content\/uploads\/2025\/05\/logo5-scaled.png","contentUrl":"https:\/\/tocut.net\/wp-content\/uploads\/2025\/05\/logo5-scaled.png","width":2560,"height":963,"caption":"tocut"},"image":{"@id":"https:\/\/tocut.net\/#\/schema\/logo\/image\/"}}]}},"_links":{"self":[{"href":"https:\/\/tocut.net\/vi\/wp-json\/wp\/v2\/product\/5245","targetHints":{"allow":["GET"]}}],"collection":[{"href":"https:\/\/tocut.net\/vi\/wp-json\/wp\/v2\/product"}],"about":[{"href":"https:\/\/tocut.net\/vi\/wp-json\/wp\/v2\/types\/product"}],"wp:featuredmedia":[{"embeddable":true,"href":"https:\/\/tocut.net\/vi\/wp-json\/wp\/v2\/media\/5237"}],"wp:attachment":[{"href":"https:\/\/tocut.net\/vi\/wp-json\/wp\/v2\/media?parent=5245"}],"wp:term":[{"taxonomy":"product_brand","embeddable":true,"href":"https:\/\/tocut.net\/vi\/wp-json\/wp\/v2\/product_brand?post=5245"},{"taxonomy":"product_cat","embeddable":true,"href":"https:\/\/tocut.net\/vi\/wp-json\/wp\/v2\/product_cat?post=5245"},{"taxonomy":"product_tag","embeddable":true,"href":"https:\/\/tocut.net\/vi\/wp-json\/wp\/v2\/product_tag?post=5245"}],"curies":[{"name":"wp","href":"https:\/\/api.w.org\/{rel}","templated":true}]}}