{"id":4286,"date":"2025-06-09T05:33:59","date_gmt":"2025-06-09T05:33:59","guid":{"rendered":"https:\/\/tocut.net\/?page_id=4286"},"modified":"2025-06-28T06:31:35","modified_gmt":"2025-06-28T06:31:35","slug":"second-hand-machine","status":"publish","type":"page","link":"https:\/\/tocut.net\/vi\/machines\/second-hand-machine\/","title":{"rendered":"M\u00e1y \u0111\u00e3 qua s\u1eed d\u1ee5ng"},"content":{"rendered":"<div data-elementor-type=\"wp-page\" data-elementor-id=\"4286\" class=\"elementor elementor-4286\" data-elementor-post-type=\"page\">\n\t\t\t\t<div class=\"elementor-element elementor-element-5fabaf2 e-flex e-con-boxed e-con e-parent\" data-id=\"5fabaf2\" data-element_type=\"container\" data-e-type=\"container\" data-settings=\"{&quot;background_background&quot;:&quot;classic&quot;}\">\n\t\t\t\t\t<div class=\"e-con-inner\">\n\t\t<div class=\"elementor-element elementor-element-5fbbc48 e-con-full e-flex e-con e-child\" data-id=\"5fbbc48\" data-element_type=\"container\" data-e-type=\"container\">\n\t\t\t\t<div class=\"elementor-element elementor-element-d2af769 elementor-widget-mobile__width-initial elementor-widget elementor-widget-heading\" data-id=\"d2af769\" data-element_type=\"widget\" data-e-type=\"widget\" data-widget_type=\"heading.default\">\n\t\t\t\t<div class=\"elementor-widget-container\">\n\t\t\t\t\t<h2 class=\"elementor-heading-title elementor-size-default\">Price discount. Limited quantity. Available on a first-come, first-served basis.<\/h2>\t\t\t\t<\/div>\n\t\t\t\t<\/div>\n\t\t\t\t<\/div>\n\t\t\t\t\t<\/div>\n\t\t\t\t<\/div>\n\t\t<div class=\"elementor-element elementor-element-5b937b2 e-flex e-con-boxed e-con e-parent\" data-id=\"5b937b2\" data-element_type=\"container\" data-e-type=\"container\">\n\t\t\t\t\t<div class=\"e-con-inner\">\n\t\t\t\t\t<\/div>\n\t\t\t\t<\/div>\n\t\t<div class=\"elementor-element elementor-element-ee9e2df e-flex e-con-boxed e-con e-parent\" data-id=\"ee9e2df\" data-element_type=\"container\" data-e-type=\"container\" data-settings=\"{&quot;background_background&quot;:&quot;gradient&quot;}\">\n\t\t\t\t\t<div class=\"e-con-inner\">\n\t\t<div class=\"elementor-element elementor-element-01c21a0 e-con-full e-flex e-con e-child\" data-id=\"01c21a0\" data-element_type=\"container\" data-e-type=\"container\">\n\t\t<div class=\"elementor-element elementor-element-2a71c98 e-con-full e-flex e-con e-child\" data-id=\"2a71c98\" data-element_type=\"container\" data-e-type=\"container\" data-settings=\"{&quot;background_background&quot;:&quot;classic&quot;}\">\n\t\t\t\t<div class=\"elementor-element elementor-element-ffd0e2c elementor-widget elementor-widget-testimonial\" data-id=\"ffd0e2c\" data-element_type=\"widget\" data-e-type=\"widget\" data-widget_type=\"testimonial.default\">\n\t\t\t\t<div class=\"elementor-widget-container\">\n\t\t\t\t\t\t\t<div class=\"elementor-testimonial-wrapper\">\n\t\t\t\n\t\t\t\t\t\t<div class=\"elementor-testimonial-meta elementor-has-image elementor-testimonial-image-position-aside\">\n\t\t\t\t<div class=\"elementor-testimonial-meta-inner\">\n\t\t\t\t\t\t\t\t\t\t\t<div class=\"elementor-testimonial-image\">\n\t\t\t\t\t\t\t<img fetchpriority=\"high\" decoding=\"async\" width=\"876\" height=\"875\" src=\"https:\/\/tocut.net\/wp-content\/uploads\/2025\/06\/\u4fc4\u7f57\u65af.png\" class=\"attachment-full size-full wp-image-4474\" alt=\"\" srcset=\"https:\/\/tocut.net\/wp-content\/uploads\/2025\/06\/\u4fc4\u7f57\u65af.png 876w, https:\/\/tocut.net\/wp-content\/uploads\/2025\/06\/\u4fc4\u7f57\u65af-300x300.png 300w, https:\/\/tocut.net\/wp-content\/uploads\/2025\/06\/\u4fc4\u7f57\u65af-150x150.png 150w, https:\/\/tocut.net\/wp-content\/uploads\/2025\/06\/\u4fc4\u7f57\u65af-768x767.png 768w, https:\/\/tocut.net\/wp-content\/uploads\/2025\/06\/\u4fc4\u7f57\u65af-600x599.png 600w, https:\/\/tocut.net\/wp-content\/uploads\/2025\/06\/\u4fc4\u7f57\u65af-100x100.png 100w\" sizes=\"(max-width: 876px) 100vw, 876px\" \/>\t\t\t\t\t\t<\/div>\n\t\t\t\t\t\n\t\t\t\t\t\t\t\t\t\t<div class=\"elementor-testimonial-details\">\n\t\t\t\t\t\t\t\t\t\t\t\t\t\t<div class=\"elementor-testimonial-name\">D\u1ecbch v\u1ee5 t\u1ea1i Nga<\/div>\n\t\t\t\t\t\t\t\t\t\t\t\t\t\t\t\t\t\t\t\t\t\t<div class=\"elementor-testimonial-job\">Katya<\/div>\n\t\t\t\t\t\t\t\t\t\t\t\t\t<\/div>\n\t\t\t\t\t\t\t\t\t<\/div>\n\t\t\t<\/div>\n\t\t\t\t\t<\/div>\n\t\t\t\t\t\t<\/div>\n\t\t\t\t<\/div>\n\t\t\t\t<div class=\"elementor-element elementor-element-7d089e0 elementor-widget elementor-widget-heading\" data-id=\"7d089e0\" data-element_type=\"widget\" data-e-type=\"widget\" data-widget_type=\"heading.default\">\n\t\t\t\t<div class=\"elementor-widget-container\">\n\t\t\t\t\t<h4 class=\"elementor-heading-title elementor-size-default\"><a href=\"https:\/\/api.whatsapp.com\/send?phone=86157105295501\">+86157105295501<\/a><\/h4>\t\t\t\t<\/div>\n\t\t\t\t<\/div>\n\t\t\t\t<div class=\"elementor-element elementor-element-ccd69c9 elementor-widget elementor-widget-text-editor\" data-id=\"ccd69c9\" data-element_type=\"widget\" data-e-type=\"widget\" data-widget_type=\"text-editor.default\">\n\t\t\t\t<div class=\"elementor-widget-container\">\n\t\t\t\t\t\t\t\t\t<p style=\"text-align: center;\"><a href=\"mailto:pure@tocut.net\" target=\"_blank\" rel=\"noopener\"><span style=\"color: #000000;\"><strong>pure@tocut.net<\/strong><\/span><\/a><\/p>\t\t\t\t\t\t\t\t<\/div>\n\t\t\t\t<\/div>\n\t\t\t\t<div class=\"elementor-element elementor-element-f4a12c8 elementor-widget-divider--view-line elementor-widget elementor-widget-divider\" data-id=\"f4a12c8\" data-element_type=\"widget\" data-e-type=\"widget\" data-widget_type=\"divider.default\">\n\t\t\t\t<div class=\"elementor-widget-container\">\n\t\t\t\t\t\t\t<div class=\"elementor-divider\">\n\t\t\t<span class=\"elementor-divider-separator\">\n\t\t\t\t\t\t<\/span>\n\t\t<\/div>\n\t\t\t\t\t\t<\/div>\n\t\t\t\t<\/div>\n\t\t\t\t<\/div>\n\t\t<div class=\"elementor-element elementor-element-0a199a6 e-con-full e-flex e-con e-child\" data-id=\"0a199a6\" data-element_type=\"container\" data-e-type=\"container\" data-settings=\"{&quot;background_background&quot;:&quot;classic&quot;}\">\n\t\t\t\t<div class=\"elementor-element elementor-element-c0ca167 elementor-widget elementor-widget-testimonial\" data-id=\"c0ca167\" data-element_type=\"widget\" data-e-type=\"widget\" data-widget_type=\"testimonial.default\">\n\t\t\t\t<div class=\"elementor-widget-container\">\n\t\t\t\t\t\t\t<div class=\"elementor-testimonial-wrapper\">\n\t\t\t\n\t\t\t\t\t\t<div class=\"elementor-testimonial-meta elementor-has-image elementor-testimonial-image-position-aside\">\n\t\t\t\t<div class=\"elementor-testimonial-meta-inner\">\n\t\t\t\t\t\t\t\t\t\t\t<div class=\"elementor-testimonial-image\">\n\t\t\t\t\t\t\t<img decoding=\"async\" src=\"https:\/\/tocut.net\/wp-content\/uploads\/2025\/06\/\u4e2d\u56fd-1.png\" title=\"\" alt=\"\" loading=\"lazy\" \/>\t\t\t\t\t\t<\/div>\n\t\t\t\t\t\n\t\t\t\t\t\t\t\t\t\t<div class=\"elementor-testimonial-details\">\n\t\t\t\t\t\t\t\t\t\t\t\t\t\t<div class=\"elementor-testimonial-name\">D\u1ecbch v\u1ee5 t\u1ea1i Trung Qu\u1ed1c<\/div>\n\t\t\t\t\t\t\t\t\t\t\t\t\t\t\t\t\t\t\t\t\t\t<div class=\"elementor-testimonial-job\">Mary<\/div>\n\t\t\t\t\t\t\t\t\t\t\t\t\t<\/div>\n\t\t\t\t\t\t\t\t\t<\/div>\n\t\t\t<\/div>\n\t\t\t\t\t<\/div>\n\t\t\t\t\t\t<\/div>\n\t\t\t\t<\/div>\n\t\t\t\t<div class=\"elementor-element elementor-element-ee6e924 elementor-widget elementor-widget-heading\" data-id=\"ee6e924\" data-element_type=\"widget\" data-e-type=\"widget\" data-widget_type=\"heading.default\">\n\t\t\t\t<div class=\"elementor-widget-container\">\n\t\t\t\t\t<h4 class=\"elementor-heading-title elementor-size-default\"><a href=\"https:\/\/api.whatsapp.com\/send?phone=8618304059933\">+8618304059933<\/a><\/h4>\t\t\t\t<\/div>\n\t\t\t\t<\/div>\n\t\t\t\t<div class=\"elementor-element elementor-element-4fedb2c elementor-widget elementor-widget-text-editor\" data-id=\"4fedb2c\" data-element_type=\"widget\" data-e-type=\"widget\" data-widget_type=\"text-editor.default\">\n\t\t\t\t<div class=\"elementor-widget-container\">\n\t\t\t\t\t\t\t\t\t<p style=\"text-align: center;\"><a href=\"mailto:mary@tocut.net\" target=\"_blank\" rel=\"noopener\"><span style=\"color: #000000;\"><b>mary@tocut.net<\/b><\/span><\/a><\/p>\t\t\t\t\t\t\t\t<\/div>\n\t\t\t\t<\/div>\n\t\t\t\t<div class=\"elementor-element elementor-element-df2c0af elementor-widget-divider--view-line elementor-widget elementor-widget-divider\" data-id=\"df2c0af\" data-element_type=\"widget\" data-e-type=\"widget\" data-widget_type=\"divider.default\">\n\t\t\t\t<div class=\"elementor-widget-container\">\n\t\t\t\t\t\t\t<div class=\"elementor-divider\">\n\t\t\t<span class=\"elementor-divider-separator\">\n\t\t\t\t\t\t<\/span>\n\t\t<\/div>\n\t\t\t\t\t\t<\/div>\n\t\t\t\t<\/div>\n\t\t\t\t<\/div>\n\t\t<div class=\"elementor-element elementor-element-898ef03 e-con-full e-flex e-con e-child\" data-id=\"898ef03\" data-element_type=\"container\" data-e-type=\"container\" data-settings=\"{&quot;background_background&quot;:&quot;classic&quot;}\">\n\t\t\t\t<div class=\"elementor-element elementor-element-6dd65a7 elementor-widget elementor-widget-testimonial\" data-id=\"6dd65a7\" data-element_type=\"widget\" data-e-type=\"widget\" data-widget_type=\"testimonial.default\">\n\t\t\t\t<div class=\"elementor-widget-container\">\n\t\t\t\t\t\t\t<div class=\"elementor-testimonial-wrapper\">\n\t\t\t\n\t\t\t\t\t\t<div class=\"elementor-testimonial-meta elementor-has-image elementor-testimonial-image-position-aside\">\n\t\t\t\t<div class=\"elementor-testimonial-meta-inner\">\n\t\t\t\t\t\t\t\t\t\t\t<div class=\"elementor-testimonial-image\">\n\t\t\t\t\t\t\t<img decoding=\"async\" src=\"https:\/\/tocut.net\/wp-content\/uploads\/2025\/06\/\u4fc4\u7f57\u65af2.png\" title=\"\" alt=\"\" loading=\"lazy\" \/>\t\t\t\t\t\t<\/div>\n\t\t\t\t\t\n\t\t\t\t\t\t\t\t\t\t<div class=\"elementor-testimonial-details\">\n\t\t\t\t\t\t\t\t\t\t\t\t\t\t<div class=\"elementor-testimonial-name\">D\u1ecbch v\u1ee5 ti\u1ebfng Anh<\/div>\n\t\t\t\t\t\t\t\t\t\t\t\t\t\t\t\t\t\t\t\t\t\t<div class=\"elementor-testimonial-job\">Angie<\/div>\n\t\t\t\t\t\t\t\t\t\t\t\t\t<\/div>\n\t\t\t\t\t\t\t\t\t<\/div>\n\t\t\t<\/div>\n\t\t\t\t\t<\/div>\n\t\t\t\t\t\t<\/div>\n\t\t\t\t<\/div>\n\t\t\t\t<div class=\"elementor-element elementor-element-df77847 elementor-widget elementor-widget-heading\" data-id=\"df77847\" data-element_type=\"widget\" data-e-type=\"widget\" data-widget_type=\"heading.default\">\n\t\t\t\t<div class=\"elementor-widget-container\">\n\t\t\t\t\t<h4 class=\"elementor-heading-title elementor-size-default\">+8613478129449<\/h4>\t\t\t\t<\/div>\n\t\t\t\t<\/div>\n\t\t\t\t<div class=\"elementor-element elementor-element-54a679c elementor-widget elementor-widget-text-editor\" data-id=\"54a679c\" data-element_type=\"widget\" data-e-type=\"widget\" data-widget_type=\"text-editor.default\">\n\t\t\t\t<div class=\"elementor-widget-container\">\n\t\t\t\t\t\t\t\t\t<p style=\"text-align: center;\"><a href=\"mailto:anqi@tocut.net\" target=\"_blank\" rel=\"noopener\"><span style=\"color: #000000;\"><strong>anqi@tocut.net<\/strong><\/span><\/a><\/p>\t\t\t\t\t\t\t\t<\/div>\n\t\t\t\t<\/div>\n\t\t\t\t<div class=\"elementor-element elementor-element-9717043 elementor-widget-divider--view-line elementor-widget elementor-widget-divider\" data-id=\"9717043\" data-element_type=\"widget\" data-e-type=\"widget\" data-widget_type=\"divider.default\">\n\t\t\t\t<div class=\"elementor-widget-container\">\n\t\t\t\t\t\t\t<div class=\"elementor-divider\">\n\t\t\t<span class=\"elementor-divider-separator\">\n\t\t\t\t\t\t<\/span>\n\t\t<\/div>\n\t\t\t\t\t\t<\/div>\n\t\t\t\t<\/div>\n\t\t\t\t<\/div>\n\t\t\t\t<\/div>\n\t\t\t\t<div class=\"elementor-element elementor-element-f7a2bc6 elementor-widget elementor-widget-heading\" data-id=\"f7a2bc6\" data-element_type=\"widget\" data-e-type=\"widget\" data-widget_type=\"heading.default\">\n\t\t\t\t<div class=\"elementor-widget-container\">\n\t\t\t\t\t<h5 class=\"elementor-heading-title elementor-size-default\">We are available 24 hours a day, 7 days a week to serve you.<\/h5>\t\t\t\t<\/div>\n\t\t\t\t<\/div>\n\t\t\t\t<div class=\"elementor-element elementor-element-62c6ce0 elementor-align-center elementor-mobile-align-center elementor-widget elementor-widget-button\" data-id=\"62c6ce0\" data-element_type=\"widget\" data-e-type=\"widget\" data-widget_type=\"button.default\">\n\t\t\t\t<div class=\"elementor-widget-container\">\n\t\t\t\t\t\t\t\t\t<div class=\"elementor-button-wrapper\">\n\t\t\t\t\t<a class=\"elementor-button elementor-button-link elementor-size-md\" href=\"#elementor-action%3Aaction%3Dpopup%3Aopen%26settings%3DeyJpZCI6IjMxODUiLCJ0b2dnbGUiOmZhbHNlfQ%3D%3D\">\n\t\t\t\t\t\t<span class=\"elementor-button-content-wrapper\">\n\t\t\t\t\t\t<span class=\"elementor-button-icon\">\n\t\t\t\t<svg aria-hidden=\"true\" class=\"e-font-icon-svg e-far-calendar-check\" viewbox=\"0 0 448 512\" xmlns=\"http:\/\/www.w3.org\/2000\/svg\"><path d=\"M400 64h-48V12c0-6.627-5.373-12-12-12h-40c-6.627 0-12 5.373-12 12v52H160V12c0-6.627-5.373-12-12-12h-40c-6.627 0-12 5.373-12 12v52H48C21.49 64 0 85.49 0 112v352c0 26.51 21.49 48 48 48h352c26.51 0 48-21.49 48-48V112c0-26.51-21.49-48-48-48zm-6 400H54a6 6 0 0 1-6-6V160h352v298a6 6 0 0 1-6 6zm-52.849-200.65L198.842 404.519c-4.705 4.667-12.303 4.637-16.971-.068l-75.091-75.699c-4.667-4.705-4.637-12.303.068-16.971l22.719-22.536c4.705-4.667 12.303-4.637 16.97.069l44.104 44.461 111.072-110.181c4.705-4.667 12.303-4.637 16.971.068l22.536 22.718c4.667 4.705 4.636 12.303-.069 16.97z\"><\/path><\/svg>\t\t\t<\/span>\n\t\t\t\t\t\t\t\t\t<span class=\"elementor-button-text\">\u0110\u1eb7t ngay<\/span>\n\t\t\t\t\t<\/span>\n\t\t\t\t\t<\/a>\n\t\t\t\t<\/div>\n\t\t\t\t\t\t\t\t<\/div>\n\t\t\t\t<\/div>\n\t\t\t\t\t<\/div>\n\t\t\t\t<\/div>\n\t\t\t\t<\/div>","protected":false},"excerpt":{"rendered":"<p>Price discount. Limited quantity. Available on a first-come, first-served basis. Russia Service katya +86157105295501 pure@tocut.net China Service Mary\u200b +8618304059933 mary@tocut.net English Service Angie +8613478129449 anqi@tocut.net We are available 24 hours a day, 7 days a week to serve you. Book Now<\/p>","protected":false},"author":2,"featured_media":0,"parent":16,"menu_order":0,"comment_status":"closed","ping_status":"closed","template":"","meta":{"site-sidebar-layout":"no-sidebar","site-content-layout":"page-builder","ast-site-content-layout":"full-width-container","site-content-style":"default","site-sidebar-style":"default","ast-global-header-display":"","ast-banner-title-visibility":"","ast-main-header-display":"","ast-hfb-above-header-display":"","ast-hfb-below-header-display":"","ast-hfb-mobile-header-display":"","site-post-title":"disabled","ast-breadcrumbs-content":"","ast-featured-img":"disabled","footer-sml-layout":"","ast-disable-related-posts":"","theme-transparent-header-meta":"","adv-header-id-meta":"","stick-header-meta":"","header-above-stick-meta":"","header-main-stick-meta":"","header-below-stick-meta":"","astra-migrate-meta-layouts":"set","ast-page-background-enabled":"default","ast-page-background-meta":{"desktop":{"background-color":"","background-image":"","background-repeat":"repeat","background-position":"center center","background-size":"auto","background-attachment":"scroll","background-type":"","background-media":"","overlay-type":"","overlay-color":"","overlay-opacity":"","overlay-gradient":""},"tablet":{"background-color":"","background-image":"","background-repeat":"repeat","background-position":"center center","background-size":"auto","background-attachment":"scroll","background-type":"","background-media":"","overlay-type":"","overlay-color":"","overlay-opacity":"","overlay-gradient":""},"mobile":{"background-color":"","background-image":"","background-repeat":"repeat","background-position":"center center","background-size":"auto","background-attachment":"scroll","background-type":"","background-media":"","overlay-type":"","overlay-color":"","overlay-opacity":"","overlay-gradient":""}},"ast-content-background-meta":{"desktop":{"background-color":"var(--ast-global-color-5)","background-image":"","background-repeat":"repeat","background-position":"center center","background-size":"auto","background-attachment":"scroll","background-type":"","background-media":"","overlay-type":"","overlay-color":"","overlay-opacity":"","overlay-gradient":""},"tablet":{"background-color":"var(--ast-global-color-5)","background-image":"","background-repeat":"repeat","background-position":"center center","background-size":"auto","background-attachment":"scroll","background-type":"","background-media":"","overlay-type":"","overlay-color":"","overlay-opacity":"","overlay-gradient":""},"mobile":{"background-color":"var(--ast-global-color-5)","background-image":"","background-repeat":"repeat","background-position":"center center","background-size":"auto","background-attachment":"scroll","background-type":"","background-media":"","overlay-type":"","overlay-color":"","overlay-opacity":"","overlay-gradient":""}},"footnotes":""},"class_list":["post-4286","page","type-page","status-publish","hentry"],"yoast_head":"<!-- This site is optimized with the Yoast SEO Premium plugin v27.3 (Yoast SEO v27.3) - https:\/\/yoast.com\/product\/yoast-seo-premium-wordpress\/ -->\n<title>Second-Hand Machine - TOCUT-Waterjet Repair | Cutting Equipment Installation| Maintenance | Installation | Service | Spare Parts | CNC Equipment Support | Fabrication Equipment | Precision Equipment<\/title>\n<meta name=\"robots\" content=\"index, follow, max-snippet:-1, max-image-preview:large, max-video-preview:-1\" \/>\n<link rel=\"canonical\" href=\"https:\/\/tocut.net\/vi\/machines\/second-hand-machine\/\" \/>\n<meta property=\"og:locale\" content=\"vi_VN\" \/>\n<meta property=\"og:type\" content=\"article\" \/>\n<meta property=\"og:title\" content=\"Second-Hand Machine\" \/>\n<meta property=\"og:description\" content=\"Price discount. Limited quantity. Available on a first-come, first-served basis. Russia Service katya +86157105295501 pure@tocut.net China Service Mary\u200b +8618304059933 mary@tocut.net English Service Angie +8613478129449 anqi@tocut.net We are available 24 hours a day, 7 days a week to serve you. Book Now\" \/>\n<meta property=\"og:url\" content=\"https:\/\/tocut.net\/vi\/machines\/second-hand-machine\/\" \/>\n<meta property=\"og:site_name\" content=\"TOCUT-Waterjet Repair | Cutting Equipment Installation| Maintenance | Installation | Service | Spare Parts | CNC Equipment Support | Fabrication Equipment | Precision Equipment\" \/>\n<meta property=\"article:modified_time\" content=\"2025-06-28T06:31:35+00:00\" \/>\n<meta name=\"twitter:card\" content=\"summary_large_image\" \/>\n<meta name=\"twitter:label1\" content=\"\u01af\u1edbc t\u00ednh th\u1eddi gian \u0111\u1ecdc\" \/>\n\t<meta name=\"twitter:data1\" content=\"2 ph\u00fat\" \/>\n<script type=\"application\/ld+json\" class=\"yoast-schema-graph\">{\"@context\":\"https:\\\/\\\/schema.org\",\"@graph\":[{\"@type\":\"WebPage\",\"@id\":\"https:\\\/\\\/tocut.net\\\/machines\\\/second-hand-machine\\\/\",\"url\":\"https:\\\/\\\/tocut.net\\\/machines\\\/second-hand-machine\\\/\",\"name\":\"Second-Hand Machine - TOCUT-Waterjet Repair | Cutting Equipment Installation| Maintenance | Installation | Service | Spare Parts | CNC Equipment Support | Fabrication Equipment | Precision Equipment\",\"isPartOf\":{\"@id\":\"https:\\\/\\\/tocut.net\\\/#website\"},\"datePublished\":\"2025-06-09T05:33:59+00:00\",\"dateModified\":\"2025-06-28T06:31:35+00:00\",\"breadcrumb\":{\"@id\":\"https:\\\/\\\/tocut.net\\\/machines\\\/second-hand-machine\\\/#breadcrumb\"},\"inLanguage\":\"vi\",\"potentialAction\":[{\"@type\":\"ReadAction\",\"target\":[\"https:\\\/\\\/tocut.net\\\/machines\\\/second-hand-machine\\\/\"]}]},{\"@type\":\"BreadcrumbList\",\"@id\":\"https:\\\/\\\/tocut.net\\\/machines\\\/second-hand-machine\\\/#breadcrumb\",\"itemListElement\":[{\"@type\":\"ListItem\",\"position\":1,\"name\":\"Home\",\"item\":\"https:\\\/\\\/tocut.net\\\/\"},{\"@type\":\"ListItem\",\"position\":2,\"name\":\"Machines\",\"item\":\"https:\\\/\\\/tocut.net\\\/?page_id=16\"},{\"@type\":\"ListItem\",\"position\":3,\"name\":\"Second-Hand Machine\"}]},{\"@type\":\"WebSite\",\"@id\":\"https:\\\/\\\/tocut.net\\\/#website\",\"url\":\"https:\\\/\\\/tocut.net\\\/\",\"name\":\"tocut\",\"description\":\"We provide reliable solutions for fabrication and precision equipment, including waterjet repair, cutting equipment installation, CNC equipment support, and full maintenance, service, and spare parts for machines like laser cutters, grinders, lathes, and milling machines.\",\"publisher\":{\"@id\":\"https:\\\/\\\/tocut.net\\\/#organization\"},\"potentialAction\":[{\"@type\":\"SearchAction\",\"target\":{\"@type\":\"EntryPoint\",\"urlTemplate\":\"https:\\\/\\\/tocut.net\\\/?s={search_term_string}\"},\"query-input\":{\"@type\":\"PropertyValueSpecification\",\"valueRequired\":true,\"valueName\":\"search_term_string\"}}],\"inLanguage\":\"vi\"},{\"@type\":\"Organization\",\"@id\":\"https:\\\/\\\/tocut.net\\\/#organization\",\"name\":\"tocut\",\"url\":\"https:\\\/\\\/tocut.net\\\/\",\"logo\":{\"@type\":\"ImageObject\",\"inLanguage\":\"vi\",\"@id\":\"https:\\\/\\\/tocut.net\\\/#\\\/schema\\\/logo\\\/image\\\/\",\"url\":\"https:\\\/\\\/tocut.net\\\/wp-content\\\/uploads\\\/2025\\\/05\\\/logo5-scaled.png\",\"contentUrl\":\"https:\\\/\\\/tocut.net\\\/wp-content\\\/uploads\\\/2025\\\/05\\\/logo5-scaled.png\",\"width\":2560,\"height\":963,\"caption\":\"tocut\"},\"image\":{\"@id\":\"https:\\\/\\\/tocut.net\\\/#\\\/schema\\\/logo\\\/image\\\/\"}}]}<\/script>\n<!-- \/ Yoast SEO Premium plugin. -->","yoast_head_json":{"title":"Second-Hand Machine - TOCUT-Waterjet Repair | Cutting Equipment Installation| Maintenance | Installation | Service | Spare Parts | CNC Equipment Support | Fabrication Equipment | Precision Equipment","robots":{"index":"index","follow":"follow","max-snippet":"max-snippet:-1","max-image-preview":"max-image-preview:large","max-video-preview":"max-video-preview:-1"},"canonical":"https:\/\/tocut.net\/vi\/machines\/second-hand-machine\/","og_locale":"vi_VN","og_type":"article","og_title":"Second-Hand Machine","og_description":"Price discount. Limited quantity. Available on a first-come, first-served basis. Russia Service katya +86157105295501 pure@tocut.net China Service Mary\u200b +8618304059933 mary@tocut.net English Service Angie +8613478129449 anqi@tocut.net We are available 24 hours a day, 7 days a week to serve you. Book Now","og_url":"https:\/\/tocut.net\/vi\/machines\/second-hand-machine\/","og_site_name":"TOCUT-Waterjet Repair | Cutting Equipment Installation| Maintenance | Installation | Service | Spare Parts | CNC Equipment Support | Fabrication Equipment | Precision Equipment","article_modified_time":"2025-06-28T06:31:35+00:00","twitter_card":"summary_large_image","twitter_misc":{"\u01af\u1edbc t\u00ednh th\u1eddi gian \u0111\u1ecdc":"2 ph\u00fat"},"schema":{"@context":"https:\/\/schema.org","@graph":[{"@type":"WebPage","@id":"https:\/\/tocut.net\/machines\/second-hand-machine\/","url":"https:\/\/tocut.net\/machines\/second-hand-machine\/","name":"Second-Hand Machine - TOCUT-Waterjet Repair | Cutting Equipment Installation| Maintenance | Installation | Service | Spare Parts | CNC Equipment Support | Fabrication Equipment | Precision Equipment","isPartOf":{"@id":"https:\/\/tocut.net\/#website"},"datePublished":"2025-06-09T05:33:59+00:00","dateModified":"2025-06-28T06:31:35+00:00","breadcrumb":{"@id":"https:\/\/tocut.net\/machines\/second-hand-machine\/#breadcrumb"},"inLanguage":"vi","potentialAction":[{"@type":"ReadAction","target":["https:\/\/tocut.net\/machines\/second-hand-machine\/"]}]},{"@type":"BreadcrumbList","@id":"https:\/\/tocut.net\/machines\/second-hand-machine\/#breadcrumb","itemListElement":[{"@type":"ListItem","position":1,"name":"Home","item":"https:\/\/tocut.net\/"},{"@type":"ListItem","position":2,"name":"Machines","item":"https:\/\/tocut.net\/?page_id=16"},{"@type":"ListItem","position":3,"name":"Second-Hand Machine"}]},{"@type":"WebSite","@id":"https:\/\/tocut.net\/#website","url":"https:\/\/tocut.net\/","name":"tocut","description":"Ch\u00fang t\u00f4i cung c\u1ea5p c\u00e1c gi\u1ea3i ph\u00e1p \u0111\u00e1ng tin c\u1eady trong l\u0129nh v\u1ef1c gia c\u00f4ng v\u00e0 thi\u1ebft b\u1ecb ch\u00ednh x\u00e1c, bao g\u1ed3m s\u1eeda ch\u1eefa m\u00e1y c\u1eaft tia n\u01b0\u1edbc, l\u1eafp \u0111\u1eb7t thi\u1ebft b\u1ecb c\u1eaft, h\u1ed7 tr\u1ee3 k\u1ef9 thu\u1eadt cho thi\u1ebft b\u1ecb CNC, c\u00f9ng v\u1edbi d\u1ecbch v\u1ee5 b\u1ea3o tr\u00ec to\u00e0n di\u1ec7n, b\u1ea3o d\u01b0\u1ee1ng v\u00e0 cung c\u1ea5p ph\u1ee5 t\u00f9ng thay th\u1ebf cho c\u00e1c lo\u1ea1i m\u00e1y nh\u01b0 m\u00e1y c\u1eaft laser, m\u00e1y m\u00e0i, m\u00e1y ti\u1ec7n v\u00e0 m\u00e1y phay.","publisher":{"@id":"https:\/\/tocut.net\/#organization"},"potentialAction":[{"@type":"SearchAction","target":{"@type":"EntryPoint","urlTemplate":"https:\/\/tocut.net\/?s={search_term_string}"},"query-input":{"@type":"PropertyValueSpecification","valueRequired":true,"valueName":"search_term_string"}}],"inLanguage":"vi"},{"@type":"Organization","@id":"https:\/\/tocut.net\/#organization","name":"tocut","url":"https:\/\/tocut.net\/","logo":{"@type":"ImageObject","inLanguage":"vi","@id":"https:\/\/tocut.net\/#\/schema\/logo\/image\/","url":"https:\/\/tocut.net\/wp-content\/uploads\/2025\/05\/logo5-scaled.png","contentUrl":"https:\/\/tocut.net\/wp-content\/uploads\/2025\/05\/logo5-scaled.png","width":2560,"height":963,"caption":"tocut"},"image":{"@id":"https:\/\/tocut.net\/#\/schema\/logo\/image\/"}}]}},"rttpg_featured_image_url":null,"rttpg_author":{"display_name":"\u5207","author_link":"https:\/\/tocut.net\/vi\/about\/blog\/author\/tocut\/"},"rttpg_comment":0,"rttpg_category":null,"rttpg_excerpt":"Price discount. Limited quantity. Available on a first-come, first-served basis. Russia Service katya +86157105295501 pure@tocut.net China Service Mary\u200b +8618304059933 mary@tocut.net English Service Angie +8613478129449 anqi@tocut.net We are available 24 hours a day, 7 days a week to serve you. Book Now","_links":{"self":[{"href":"https:\/\/tocut.net\/vi\/wp-json\/wp\/v2\/pages\/4286","targetHints":{"allow":["GET"]}}],"collection":[{"href":"https:\/\/tocut.net\/vi\/wp-json\/wp\/v2\/pages"}],"about":[{"href":"https:\/\/tocut.net\/vi\/wp-json\/wp\/v2\/types\/page"}],"author":[{"embeddable":true,"href":"https:\/\/tocut.net\/vi\/wp-json\/wp\/v2\/users\/2"}],"replies":[{"embeddable":true,"href":"https:\/\/tocut.net\/vi\/wp-json\/wp\/v2\/comments?post=4286"}],"version-history":[{"count":0,"href":"https:\/\/tocut.net\/vi\/wp-json\/wp\/v2\/pages\/4286\/revisions"}],"up":[{"embeddable":true,"href":"https:\/\/tocut.net\/vi\/wp-json\/wp\/v2\/pages\/16"}],"wp:attachment":[{"href":"https:\/\/tocut.net\/vi\/wp-json\/wp\/v2\/media?parent=4286"}],"curies":[{"name":"wp","href":"https:\/\/api.w.org\/{rel}","templated":true}]}}