{"id":14,"date":"2025-05-19T08:46:39","date_gmt":"2025-05-19T08:46:39","guid":{"rendered":"https:\/\/tocut.net\/?page_id=14"},"modified":"2025-08-19T06:48:05","modified_gmt":"2025-08-19T06:48:05","slug":"aksesuarlar","status":"publish","type":"page","link":"https:\/\/tocut.net\/tr\/aksesuarlar\/","title":{"rendered":"Aksesuarlar"},"content":{"rendered":"<div data-elementor-type=\"wp-page\" data-elementor-id=\"14\" class=\"elementor elementor-14\" data-elementor-post-type=\"page\">\n\t\t\t\t<div class=\"elementor-element elementor-element-4e0678d e-flex e-con-boxed e-con e-parent\" data-id=\"4e0678d\" data-element_type=\"container\" data-e-type=\"container\" data-settings=\"{&quot;background_background&quot;:&quot;classic&quot;}\">\n\t\t\t\t\t<div class=\"e-con-inner\">\n\t\t<div class=\"elementor-element elementor-element-391e3fd e-con-full e-flex e-con e-child\" data-id=\"391e3fd\" data-element_type=\"container\" data-e-type=\"container\">\n\t\t\t\t<div class=\"elementor-element elementor-element-69e7a43 elementor-widget elementor-widget-heading\" data-id=\"69e7a43\" data-element_type=\"widget\" data-e-type=\"widget\" data-widget_type=\"heading.default\">\n\t\t\t\t<div class=\"elementor-widget-container\">\n\t\t\t\t\t<h6 class=\"elementor-heading-title elementor-size-default\">OUR SERVICES<\/h6>\t\t\t\t<\/div>\n\t\t\t\t<\/div>\n\t\t\t\t<div class=\"elementor-element elementor-element-e150776 elementor-widget elementor-widget-heading\" data-id=\"e150776\" data-element_type=\"widget\" data-e-type=\"widget\" data-widget_type=\"heading.default\">\n\t\t\t\t<div class=\"elementor-widget-container\">\n\t\t\t\t\t<h1 class=\"elementor-heading-title elementor-size-default\">A first-class service team with rich experience<\/h1>\t\t\t\t<\/div>\n\t\t\t\t<\/div>\n\t\t\t\t<div class=\"elementor-element elementor-element-ea24cac elementor-widget-divider--view-line elementor-widget elementor-widget-divider\" data-id=\"ea24cac\" data-element_type=\"widget\" data-e-type=\"widget\" data-widget_type=\"divider.default\">\n\t\t\t\t<div class=\"elementor-widget-container\">\n\t\t\t\t\t\t\t<div class=\"elementor-divider\">\n\t\t\t<span class=\"elementor-divider-separator\">\n\t\t\t\t\t\t<\/span>\n\t\t<\/div>\n\t\t\t\t\t\t<\/div>\n\t\t\t\t<\/div>\n\t\t\t\t<div class=\"elementor-element elementor-element-ebd5b1c elementor-widget elementor-widget-text-editor\" data-id=\"ebd5b1c\" data-element_type=\"widget\" data-e-type=\"widget\" data-widget_type=\"text-editor.default\">\n\t\t\t\t<div class=\"elementor-widget-container\">\n\t\t\t\t\t\t\t\t\t<p>Our team of engineers all have an average of over five years of on-site experience, capable of quickly diagnosing and resolving complex mechanical failures, helping customers reduce unplanned downtime losses by more than 30%.<\/p>\t\t\t\t\t\t\t\t<\/div>\n\t\t\t\t<\/div>\n\t\t\t\t<div class=\"elementor-element elementor-element-348c286 elementor-mobile-align-left elementor-widget elementor-widget-button\" data-id=\"348c286\" data-element_type=\"widget\" data-e-type=\"widget\" data-widget_type=\"button.default\">\n\t\t\t\t<div class=\"elementor-widget-container\">\n\t\t\t\t\t\t\t\t\t<div class=\"elementor-button-wrapper\">\n\t\t\t\t\t<a class=\"elementor-button elementor-button-link elementor-size-sm\" href=\"#elementor-action%3Aaction%3Dpopup%3Aopen%26settings%3DeyJpZCI6IjMxODUiLCJ0b2dnbGUiOmZhbHNlfQ%3D%3D\">\n\t\t\t\t\t\t<span class=\"elementor-button-content-wrapper\">\n\t\t\t\t\t\t<span class=\"elementor-button-icon\">\n\t\t\t\t\t\t\t<\/span>\n\t\t\t\t\t\t\t\t\t<span class=\"elementor-button-text\">Contact Us<\/span>\n\t\t\t\t\t<\/span>\n\t\t\t\t\t<\/a>\n\t\t\t\t<\/div>\n\t\t\t\t\t\t\t\t<\/div>\n\t\t\t\t<\/div>\n\t\t\t\t<\/div>\n\t\t\t\t\t<\/div>\n\t\t\t\t<\/div>\n\t\t\t\t<\/div>","protected":false},"excerpt":{"rendered":"<p>OUR SERVICES A first-class service team with rich experience Our team of engineers all have an average of over five years of on-site experience, capable of quickly diagnosing and resolving complex mechanical failures, helping customers reduce unplanned downtime losses by more than 30%. Contact Us<\/p>","protected":false},"author":2,"featured_media":0,"parent":0,"menu_order":0,"comment_status":"closed","ping_status":"closed","template":"","meta":{"site-sidebar-layout":"no-sidebar","site-content-layout":"page-builder","ast-site-content-layout":"full-width-container","site-content-style":"unboxed","site-sidebar-style":"unboxed","ast-global-header-display":"","ast-banner-title-visibility":"","ast-main-header-display":"","ast-hfb-above-header-display":"","ast-hfb-below-header-display":"","ast-hfb-mobile-header-display":"","site-post-title":"disabled","ast-breadcrumbs-content":"","ast-featured-img":"disabled","footer-sml-layout":"","ast-disable-related-posts":"","theme-transparent-header-meta":"","adv-header-id-meta":"","stick-header-meta":"","header-above-stick-meta":"","header-main-stick-meta":"","header-below-stick-meta":"","astra-migrate-meta-layouts":"set","ast-page-background-enabled":"default","ast-page-background-meta":{"desktop":{"background-color":"","background-image":"","background-repeat":"repeat","background-position":"center center","background-size":"auto","background-attachment":"scroll","background-type":"","background-media":"","overlay-type":"","overlay-color":"","overlay-opacity":"","overlay-gradient":""},"tablet":{"background-color":"","background-image":"","background-repeat":"repeat","background-position":"center center","background-size":"auto","background-attachment":"scroll","background-type":"","background-media":"","overlay-type":"","overlay-color":"","overlay-opacity":"","overlay-gradient":""},"mobile":{"background-color":"","background-image":"","background-repeat":"repeat","background-position":"center center","background-size":"auto","background-attachment":"scroll","background-type":"","background-media":"","overlay-type":"","overlay-color":"","overlay-opacity":"","overlay-gradient":""}},"ast-content-background-meta":{"desktop":{"background-color":"var(--ast-global-color-5)","background-image":"","background-repeat":"repeat","background-position":"center center","background-size":"auto","background-attachment":"scroll","background-type":"","background-media":"","overlay-type":"","overlay-color":"","overlay-opacity":"","overlay-gradient":""},"tablet":{"background-color":"var(--ast-global-color-5)","background-image":"","background-repeat":"repeat","background-position":"center center","background-size":"auto","background-attachment":"scroll","background-type":"","background-media":"","overlay-type":"","overlay-color":"","overlay-opacity":"","overlay-gradient":""},"mobile":{"background-color":"var(--ast-global-color-5)","background-image":"","background-repeat":"repeat","background-position":"center center","background-size":"auto","background-attachment":"scroll","background-type":"","background-media":"","overlay-type":"","overlay-color":"","overlay-opacity":"","overlay-gradient":""}},"iawp_total_views":1,"footnotes":""},"class_list":["post-14","page","type-page","status-publish","hentry"],"yoast_head":"<!-- This site is optimized with the Yoast SEO Premium plugin v27.3 (Yoast SEO v27.4) - https:\/\/yoast.com\/product\/yoast-seo-premium-wordpress\/ -->\n<title>Precision Cutting Machine Parts | Durable OEM Components<\/title>\n<meta name=\"description\" content=\"Discover precision cutting machine parts with OEM compatibility. Durable, high-quality components designed for waterjet repair, service, and maintenance.\" \/>\n<meta name=\"robots\" content=\"index, follow, max-snippet:-1, max-image-preview:large, max-video-preview:-1\" \/>\n<link rel=\"canonical\" href=\"https:\/\/tocut.net\/tr\/aksesuarlar\/\" \/>\n<meta property=\"og:locale\" content=\"tr_TR\" \/>\n<meta property=\"og:type\" content=\"article\" \/>\n<meta property=\"og:title\" content=\"Accessories\" \/>\n<meta property=\"og:description\" content=\"Discover precision cutting machine parts with OEM compatibility. Durable, high-quality components designed for waterjet repair, service, and maintenance.\" \/>\n<meta property=\"og:url\" content=\"https:\/\/tocut.net\/tr\/aksesuarlar\/\" \/>\n<meta property=\"og:site_name\" content=\"TOCUT-Waterjet Repair | Cutting Equipment Installation| Maintenance | Installation | Service | Spare Parts | CNC Equipment Support | Fabrication Equipment | Precision Equipment\" \/>\n<meta property=\"article:modified_time\" content=\"2025-08-19T06:48:05+00:00\" \/>\n<meta name=\"twitter:card\" content=\"summary_large_image\" \/>\n<meta name=\"twitter:label1\" content=\"Tahmini okuma s\u00fcresi\" \/>\n\t<meta name=\"twitter:data1\" content=\"1 dakika\" \/>\n<script type=\"application\/ld+json\" class=\"yoast-schema-graph\">{\"@context\":\"https:\\\/\\\/schema.org\",\"@graph\":[{\"@type\":\"WebPage\",\"@id\":\"https:\\\/\\\/tocut.net\\\/accessories\\\/\",\"url\":\"https:\\\/\\\/tocut.net\\\/accessories\\\/\",\"name\":\"Precision Cutting Machine Parts | Durable OEM Components\",\"isPartOf\":{\"@id\":\"https:\\\/\\\/tocut.net\\\/#website\"},\"datePublished\":\"2025-05-19T08:46:39+00:00\",\"dateModified\":\"2025-08-19T06:48:05+00:00\",\"description\":\"Discover precision cutting machine parts with OEM compatibility. Durable, high-quality components designed for waterjet repair, service, and maintenance.\",\"breadcrumb\":{\"@id\":\"https:\\\/\\\/tocut.net\\\/accessories\\\/#breadcrumb\"},\"inLanguage\":\"tr\",\"potentialAction\":[{\"@type\":\"ReadAction\",\"target\":[\"https:\\\/\\\/tocut.net\\\/accessories\\\/\"]}]},{\"@type\":\"BreadcrumbList\",\"@id\":\"https:\\\/\\\/tocut.net\\\/accessories\\\/#breadcrumb\",\"itemListElement\":[{\"@type\":\"ListItem\",\"position\":1,\"name\":\"Home\",\"item\":\"https:\\\/\\\/tocut.net\\\/\"},{\"@type\":\"ListItem\",\"position\":2,\"name\":\"Accessories\"}]},{\"@type\":\"WebSite\",\"@id\":\"https:\\\/\\\/tocut.net\\\/#website\",\"url\":\"https:\\\/\\\/tocut.net\\\/\",\"name\":\"tocut\",\"description\":\"We provide reliable solutions for fabrication and precision equipment, including waterjet repair, cutting equipment installation, CNC equipment support, and full maintenance, service, and spare parts for machines like laser cutters, grinders, lathes, and milling machines.\",\"publisher\":{\"@id\":\"https:\\\/\\\/tocut.net\\\/#organization\"},\"potentialAction\":[{\"@type\":\"SearchAction\",\"target\":{\"@type\":\"EntryPoint\",\"urlTemplate\":\"https:\\\/\\\/tocut.net\\\/?s={search_term_string}\"},\"query-input\":{\"@type\":\"PropertyValueSpecification\",\"valueRequired\":true,\"valueName\":\"search_term_string\"}}],\"inLanguage\":\"tr\"},{\"@type\":\"Organization\",\"@id\":\"https:\\\/\\\/tocut.net\\\/#organization\",\"name\":\"tocut\",\"url\":\"https:\\\/\\\/tocut.net\\\/\",\"logo\":{\"@type\":\"ImageObject\",\"inLanguage\":\"tr\",\"@id\":\"https:\\\/\\\/tocut.net\\\/#\\\/schema\\\/logo\\\/image\\\/\",\"url\":\"https:\\\/\\\/tocut.net\\\/wp-content\\\/uploads\\\/2025\\\/05\\\/logo5-scaled.png\",\"contentUrl\":\"https:\\\/\\\/tocut.net\\\/wp-content\\\/uploads\\\/2025\\\/05\\\/logo5-scaled.png\",\"width\":2560,\"height\":963,\"caption\":\"tocut\"},\"image\":{\"@id\":\"https:\\\/\\\/tocut.net\\\/#\\\/schema\\\/logo\\\/image\\\/\"}}]}<\/script>\n<!-- \/ Yoast SEO Premium plugin. -->","yoast_head_json":{"title":"Precision Cutting Machine Parts | Durable OEM Components","description":"Discover precision cutting machine parts with OEM compatibility. Durable, high-quality components designed for waterjet repair, service, and maintenance.","robots":{"index":"index","follow":"follow","max-snippet":"max-snippet:-1","max-image-preview":"max-image-preview:large","max-video-preview":"max-video-preview:-1"},"canonical":"https:\/\/tocut.net\/tr\/aksesuarlar\/","og_locale":"tr_TR","og_type":"article","og_title":"Accessories","og_description":"Discover precision cutting machine parts with OEM compatibility. Durable, high-quality components designed for waterjet repair, service, and maintenance.","og_url":"https:\/\/tocut.net\/tr\/aksesuarlar\/","og_site_name":"TOCUT-Waterjet Repair | Cutting Equipment Installation| Maintenance | Installation | Service | Spare Parts | CNC Equipment Support | Fabrication Equipment | Precision Equipment","article_modified_time":"2025-08-19T06:48:05+00:00","twitter_card":"summary_large_image","twitter_misc":{"Tahmini okuma s\u00fcresi":"1 dakika"},"schema":{"@context":"https:\/\/schema.org","@graph":[{"@type":"WebPage","@id":"https:\/\/tocut.net\/accessories\/","url":"https:\/\/tocut.net\/accessories\/","name":"Precision Cutting Machine Parts | Durable OEM Components","isPartOf":{"@id":"https:\/\/tocut.net\/#website"},"datePublished":"2025-05-19T08:46:39+00:00","dateModified":"2025-08-19T06:48:05+00:00","description":"Discover precision cutting machine parts with OEM compatibility. Durable, high-quality components designed for waterjet repair, service, and maintenance.","breadcrumb":{"@id":"https:\/\/tocut.net\/accessories\/#breadcrumb"},"inLanguage":"tr","potentialAction":[{"@type":"ReadAction","target":["https:\/\/tocut.net\/accessories\/"]}]},{"@type":"BreadcrumbList","@id":"https:\/\/tocut.net\/accessories\/#breadcrumb","itemListElement":[{"@type":"ListItem","position":1,"name":"Home","item":"https:\/\/tocut.net\/"},{"@type":"ListItem","position":2,"name":"Accessories"}]},{"@type":"WebSite","@id":"https:\/\/tocut.net\/#website","url":"https:\/\/tocut.net\/","name":"tocut","description":"Su jeti onar\u0131m\u0131, kesme ekipman\u0131 kurulumu, CNC ekipman deste\u011fi ve lazer kesiciler, \u00f6\u011f\u00fct\u00fcc\u00fcler, tornalar ve freze makineleri gibi makineler i\u00e7in tam bak\u0131m, servis ve yedek par\u00e7alar dahil olmak \u00fczere imalat ve hassas ekipmanlar i\u00e7in g\u00fcvenilir \u00e7\u00f6z\u00fcmler sunuyoruz.","publisher":{"@id":"https:\/\/tocut.net\/#organization"},"potentialAction":[{"@type":"SearchAction","target":{"@type":"EntryPoint","urlTemplate":"https:\/\/tocut.net\/?s={search_term_string}"},"query-input":{"@type":"PropertyValueSpecification","valueRequired":true,"valueName":"search_term_string"}}],"inLanguage":"tr"},{"@type":"Organization","@id":"https:\/\/tocut.net\/#organization","name":"tocut","url":"https:\/\/tocut.net\/","logo":{"@type":"ImageObject","inLanguage":"tr","@id":"https:\/\/tocut.net\/#\/schema\/logo\/image\/","url":"https:\/\/tocut.net\/wp-content\/uploads\/2025\/05\/logo5-scaled.png","contentUrl":"https:\/\/tocut.net\/wp-content\/uploads\/2025\/05\/logo5-scaled.png","width":2560,"height":963,"caption":"tocut"},"image":{"@id":"https:\/\/tocut.net\/#\/schema\/logo\/image\/"}}]}},"rttpg_featured_image_url":null,"rttpg_author":{"display_name":"\u5207","author_link":"https:\/\/tocut.net\/tr\/about\/blog\/author\/tocut\/"},"rttpg_comment":0,"rttpg_category":null,"rttpg_excerpt":"OUR SERVICES A first-class service team with rich experience Our team of engineers all have an average of over five years of on-site experience, capable of quickly diagnosing and resolving complex mechanical failures, helping customers reduce unplanned downtime losses by more than 30%. Contact Us","_links":{"self":[{"href":"https:\/\/tocut.net\/tr\/wp-json\/wp\/v2\/pages\/14","targetHints":{"allow":["GET"]}}],"collection":[{"href":"https:\/\/tocut.net\/tr\/wp-json\/wp\/v2\/pages"}],"about":[{"href":"https:\/\/tocut.net\/tr\/wp-json\/wp\/v2\/types\/page"}],"author":[{"embeddable":true,"href":"https:\/\/tocut.net\/tr\/wp-json\/wp\/v2\/users\/2"}],"replies":[{"embeddable":true,"href":"https:\/\/tocut.net\/tr\/wp-json\/wp\/v2\/comments?post=14"}],"version-history":[{"count":0,"href":"https:\/\/tocut.net\/tr\/wp-json\/wp\/v2\/pages\/14\/revisions"}],"wp:attachment":[{"href":"https:\/\/tocut.net\/tr\/wp-json\/wp\/v2\/media?parent=14"}],"curies":[{"name":"wp","href":"https:\/\/api.w.org\/{rel}","templated":true}]}}