{"id":7104,"date":"2025-06-30T03:06:06","date_gmt":"2025-06-30T03:06:06","guid":{"rendered":"https:\/\/tocut.net\/?post_type=product&#038;p=7104"},"modified":"2025-08-18T06:38:35","modified_gmt":"2025-08-18T06:38:35","slug":"cabeca-de-corte-1","status":"publish","type":"product","link":"https:\/\/tocut.net\/pt\/pagina-de-produtos\/cabeca-de-corte-1\/","title":{"rendered":"cabe\u00e7a de corte-1"},"content":{"rendered":"<p data-start=\"839\" data-end=\"1230\">A <strong data-start=\"841\" data-end=\"875\">conjunto da cabe\u00e7a de corte de jato de \u00e1gua<\/strong> desempenha um papel vital na obten\u00e7\u00e3o de resultados de corte precisos e eficientes em sistemas de alta press\u00e3o. Concebida tendo em mente a durabilidade e a precis\u00e3o, assegura o bom funcionamento da m\u00e1quina de jato de \u00e1gua, reduzindo o tempo de inatividade e os custos de manuten\u00e7\u00e3o. Para as ind\u00fastrias que dependem de uma qualidade de corte exacta, uma cabe\u00e7a de corte fi\u00e1vel \u00e9 um investimento fundamental.<\/p>\n<h4 data-start=\"1237\" data-end=\"1285\">Carater\u00edsticas do conjunto de corte por jato de \u00e1gua<\/h4>\n<p data-start=\"1287\" data-end=\"1444\">A nossa cabe\u00e7a de corte \u00e9 fabricada com materiais de alta resist\u00eancia que suportam a exposi\u00e7\u00e3o constante a \u00e1gua a alta press\u00e3o e a part\u00edculas abrasivas. Ela fornece:<\/p>\n<ul data-start=\"1446\" data-end=\"1690\">\n<li data-start=\"1446\" data-end=\"1507\">\n<p data-start=\"1448\" data-end=\"1507\"><strong data-start=\"1448\" data-end=\"1469\">Corte de precis\u00e3o<\/strong> para formas complexas e pormenores finos<\/p>\n<\/li>\n<li data-start=\"1508\" data-end=\"1571\">\n<p data-start=\"1510\" data-end=\"1571\"><strong data-start=\"1510\" data-end=\"1535\">Vida \u00fatil prolongada<\/strong> que reduz a frequ\u00eancia de substitui\u00e7\u00e3o<\/p>\n<\/li>\n<li data-start=\"1572\" data-end=\"1627\">\n<p data-start=\"1574\" data-end=\"1627\"><strong data-start=\"1574\" data-end=\"1593\">Resist\u00eancia ao desgaste<\/strong> para lidar com ambientes abrasivos<\/p>\n<\/li>\n<li data-start=\"1628\" data-end=\"1690\">\n<p data-start=\"1630\" data-end=\"1690\"><strong data-start=\"1630\" data-end=\"1656\">Compatibilidade fi\u00e1vel<\/strong> com m\u00e1quinas de jato de \u00e1gua normais<\/p>\n<\/li>\n<\/ul>\n<p data-start=\"1692\" data-end=\"1811\">Este <strong data-start=\"1697\" data-end=\"1714\">sistema de bicos<\/strong> assegura uma integra\u00e7\u00e3o harmoniosa nas opera\u00e7\u00f5es existentes, melhorando a produtividade e a precis\u00e3o.<\/p>\n<h4 data-start=\"1818\" data-end=\"1857\">Aplica\u00e7\u00f5es da cabe\u00e7a de corte<\/h4>\n<p data-start=\"1859\" data-end=\"1978\">O <strong data-start=\"1863\" data-end=\"1880\">cabe\u00e7a de jato de \u00e1gua<\/strong> \u00e9 aplicado em todos os sectores onde a precis\u00e3o e a durabilidade s\u00e3o essenciais. \u00c9 amplamente utilizado em:<\/p>\n<ul data-start=\"1980\" data-end=\"2238\">\n<li data-start=\"1980\" data-end=\"2039\">\n<p data-start=\"1982\" data-end=\"2039\"><strong data-start=\"1982\" data-end=\"1996\">Aeroespacial:<\/strong> Corte de tit\u00e2nio e materiais comp\u00f3sitos<\/p>\n<\/li>\n<li data-start=\"2040\" data-end=\"2105\">\n<p data-start=\"2042\" data-end=\"2105\"><strong data-start=\"2042\" data-end=\"2057\">Autom\u00f3vel:<\/strong> Corte de precis\u00e3o de pe\u00e7as de alum\u00ednio e a\u00e7o<\/p>\n<\/li>\n<li data-start=\"2106\" data-end=\"2167\">\n<p data-start=\"2108\" data-end=\"2167\"><strong data-start=\"2108\" data-end=\"2128\">Vidro e pedra:<\/strong> Obten\u00e7\u00e3o de arestas limpas sem fissuras<\/p>\n<\/li>\n<li data-start=\"2168\" data-end=\"2238\">\n<p data-start=\"2170\" data-end=\"2238\"><strong data-start=\"2170\" data-end=\"2192\">Fabrico de metais:<\/strong> Moldagem de a\u00e7o inoxid\u00e1vel, cobre e ligas<\/p>\n<\/li>\n<\/ul>\n<p data-start=\"2240\" data-end=\"2366\">Ao utilizar um conjunto de corte de alta qualidade, os operadores destes sectores obt\u00eam uma maior efici\u00eancia e resultados de maior qualidade.<\/p>\n<h4 data-start=\"2373\" data-end=\"2407\">Manuten\u00e7\u00e3o e substitui\u00e7\u00e3o<\/h4>\n<p data-start=\"2409\" data-end=\"2720\">Enquanto o <strong data-start=\"2419\" data-end=\"2444\">conjunto da cabe\u00e7a de corte<\/strong> foi concebido para uma utiliza\u00e7\u00e3o a longo prazo, recomenda-se uma inspe\u00e7\u00e3o regular e uma substitui\u00e7\u00e3o atempada. A exposi\u00e7\u00e3o cont\u00ednua a fluxos de \u00e1gua a alta press\u00e3o e a part\u00edculas abrasivas pode levar a um desgaste gradual. A manuten\u00e7\u00e3o preventiva assegura uma precis\u00e3o de corte consistente e evita tempos de paragem dispendiosos.<\/p>\n<h4 data-start=\"2727\" data-end=\"2766\">Porqu\u00ea escolher as nossas solu\u00e7\u00f5es de corte<\/h4>\n<p data-start=\"2768\" data-end=\"3155\">A nossa empresa \u00e9 especializada em servi\u00e7os completos de jato de \u00e1gua, incluindo instala\u00e7\u00e3o, repara\u00e7\u00e3o, manuten\u00e7\u00e3o, desmontagem e fornecimento de pe\u00e7as sobressalentes. Ao escolher a nossa <strong data-start=\"2921\" data-end=\"2946\">cabe\u00e7a de corte por jato de \u00e1gua<\/strong>, Com o nosso servi\u00e7o de assist\u00eancia t\u00e9cnica, o utilizador obt\u00e9m um produto apoiado por uma assist\u00eancia t\u00e9cnica especializada e um compromisso com a qualidade. Fornecemos componentes duradouros que aumentam a fiabilidade do seu sistema de corte e prolongam a vida \u00fatil global da m\u00e1quina.<\/p>","protected":false},"excerpt":{"rendered":"<p>A waterjet cutting head assembly plays a vital role in achieving accurate and efficient cutting results in high-pressure systems. Engineered with durability and precision in mind, it ensures the smooth operation of the waterjet machine while reducing downtime and maintenance costs. For industries that rely on exact cutting quality, a dependable cutting head is a [&hellip;]<\/p>\n","protected":false},"featured_media":7098,"template":"","meta":{"site-sidebar-layout":"default","site-content-layout":"","ast-site-content-layout":"default","site-content-style":"default","site-sidebar-style":"default","ast-global-header-display":"","ast-banner-title-visibility":"","ast-main-header-display":"","ast-hfb-above-header-display":"","ast-hfb-below-header-display":"","ast-hfb-mobile-header-display":"","site-post-title":"","ast-breadcrumbs-content":"","ast-featured-img":"","footer-sml-layout":"","ast-disable-related-posts":"","theme-transparent-header-meta":"default","adv-header-id-meta":"","stick-header-meta":"default","header-above-stick-meta":"","header-main-stick-meta":"","header-below-stick-meta":"","astra-migrate-meta-layouts":"set","ast-page-background-enabled":"default","ast-page-background-meta":{"desktop":{"background-color":"","background-image":"","background-repeat":"repeat","background-position":"center center","background-size":"auto","background-attachment":"scroll","background-type":"","background-media":"","overlay-type":"","overlay-color":"","overlay-opacity":"","overlay-gradient":""},"tablet":{"background-color":"","background-image":"","background-repeat":"repeat","background-position":"center center","background-size":"auto","background-attachment":"scroll","background-type":"","background-media":"","overlay-type":"","overlay-color":"","overlay-opacity":"","overlay-gradient":""},"mobile":{"background-color":"","background-image":"","background-repeat":"repeat","background-position":"center center","background-size":"auto","background-attachment":"scroll","background-type":"","background-media":"","overlay-type":"","overlay-color":"","overlay-opacity":"","overlay-gradient":""}},"ast-content-background-meta":{"desktop":{"background-color":"var(--ast-global-color-5)","background-image":"","background-repeat":"repeat","background-position":"center center","background-size":"auto","background-attachment":"scroll","background-type":"","background-media":"","overlay-type":"","overlay-color":"","overlay-opacity":"","overlay-gradient":""},"tablet":{"background-color":"var(--ast-global-color-5)","background-image":"","background-repeat":"repeat","background-position":"center center","background-size":"auto","background-attachment":"scroll","background-type":"","background-media":"","overlay-type":"","overlay-color":"","overlay-opacity":"","overlay-gradient":""},"mobile":{"background-color":"var(--ast-global-color-5)","background-image":"","background-repeat":"repeat","background-position":"center center","background-size":"auto","background-attachment":"scroll","background-type":"","background-media":"","overlay-type":"","overlay-color":"","overlay-opacity":"","overlay-gradient":""}},"iawp_total_views":1},"product_brand":[],"product_cat":[57,16],"product_tag":[],"class_list":{"0":"post-7104","1":"product","2":"type-product","3":"status-publish","4":"has-post-thumbnail","6":"product_cat-omax","7":"product_cat-water-jet-accessories","8":"desktop-align-left","9":"tablet-align-left","10":"mobile-align-left","11":"ast-product-gallery-layout-horizontal-slider","12":"ast-product-gallery-with-no-image","13":"ast-product-tabs-layout-horizontal","15":"first","16":"instock","17":"shipping-taxable","18":"product-type-simple"},"yoast_head":"<!-- This site is optimized with the Yoast SEO Premium plugin v27.3 (Yoast SEO v27.4) - https:\/\/yoast.com\/product\/yoast-seo-premium-wordpress\/ -->\n<title>High-Performance Waterjet Cutting Head Replacement<\/title>\n<meta name=\"description\" content=\"Durable waterjet cutting head designed for precision and reliability. Ideal for replacement and maintenance, ensuring consistent high-pressure cutting performance.\" \/>\n<meta name=\"robots\" content=\"index, follow, max-snippet:-1, max-image-preview:large, max-video-preview:-1\" \/>\n<link rel=\"canonical\" href=\"https:\/\/tocut.net\/pt\/pagina-de-produtos\/cabeca-de-corte-1\/\" \/>\n<meta property=\"og:locale\" content=\"pt_PT\" \/>\n<meta property=\"og:type\" content=\"article\" \/>\n<meta property=\"og:title\" content=\"cutting head-1\" \/>\n<meta property=\"og:description\" content=\"Durable waterjet cutting head designed for precision and reliability. Ideal for replacement and maintenance, ensuring consistent high-pressure cutting performance.\" \/>\n<meta property=\"og:url\" content=\"https:\/\/tocut.net\/pt\/pagina-de-produtos\/cabeca-de-corte-1\/\" \/>\n<meta property=\"og:site_name\" content=\"TOCUT-Waterjet Repair | Cutting Equipment Installation| Maintenance | Installation | Service | Spare Parts | CNC Equipment Support | Fabrication Equipment | Precision Equipment\" \/>\n<meta property=\"article:modified_time\" content=\"2025-08-18T06:38:35+00:00\" \/>\n<meta property=\"og:image\" content=\"https:\/\/tocut.net\/wp-content\/uploads\/2025\/06\/cutting-head-1.jpg\" \/>\n\t<meta property=\"og:image:width\" content=\"1000\" \/>\n\t<meta property=\"og:image:height\" content=\"1000\" \/>\n\t<meta property=\"og:image:type\" content=\"image\/jpeg\" \/>\n<meta name=\"twitter:card\" content=\"summary_large_image\" \/>\n<meta name=\"twitter:label1\" content=\"Tempo estimado de leitura\" \/>\n\t<meta name=\"twitter:data1\" content=\"2 minutos\" \/>\n<script type=\"application\/ld+json\" class=\"yoast-schema-graph\">{\"@context\":\"https:\\\/\\\/schema.org\",\"@graph\":[{\"@type\":\"WebPage\",\"@id\":\"https:\\\/\\\/tocut.net\\\/products-page\\\/cutting-head-1\\\/\",\"url\":\"https:\\\/\\\/tocut.net\\\/products-page\\\/cutting-head-1\\\/\",\"name\":\"High-Performance Waterjet Cutting Head Replacement\",\"isPartOf\":{\"@id\":\"https:\\\/\\\/tocut.net\\\/#website\"},\"primaryImageOfPage\":{\"@id\":\"https:\\\/\\\/tocut.net\\\/products-page\\\/cutting-head-1\\\/#primaryimage\"},\"image\":{\"@id\":\"https:\\\/\\\/tocut.net\\\/products-page\\\/cutting-head-1\\\/#primaryimage\"},\"thumbnailUrl\":\"https:\\\/\\\/tocut.net\\\/wp-content\\\/uploads\\\/2025\\\/06\\\/cutting-head-1.jpg\",\"datePublished\":\"2025-06-30T03:06:06+00:00\",\"dateModified\":\"2025-08-18T06:38:35+00:00\",\"description\":\"Durable waterjet cutting head designed for precision and reliability. Ideal for replacement and maintenance, ensuring consistent high-pressure cutting performance.\",\"breadcrumb\":{\"@id\":\"https:\\\/\\\/tocut.net\\\/products-page\\\/cutting-head-1\\\/#breadcrumb\"},\"inLanguage\":\"pt-PT\",\"potentialAction\":[{\"@type\":\"ReadAction\",\"target\":[\"https:\\\/\\\/tocut.net\\\/products-page\\\/cutting-head-1\\\/\"]}]},{\"@type\":\"ImageObject\",\"inLanguage\":\"pt-PT\",\"@id\":\"https:\\\/\\\/tocut.net\\\/products-page\\\/cutting-head-1\\\/#primaryimage\",\"url\":\"https:\\\/\\\/tocut.net\\\/wp-content\\\/uploads\\\/2025\\\/06\\\/cutting-head-1.jpg\",\"contentUrl\":\"https:\\\/\\\/tocut.net\\\/wp-content\\\/uploads\\\/2025\\\/06\\\/cutting-head-1.jpg\",\"width\":1000,\"height\":1000,\"caption\":\"cutting head-1 for waterjet equipment installation and professional maintenance\"},{\"@type\":\"BreadcrumbList\",\"@id\":\"https:\\\/\\\/tocut.net\\\/products-page\\\/cutting-head-1\\\/#breadcrumb\",\"itemListElement\":[{\"@type\":\"ListItem\",\"position\":1,\"name\":\"Home\",\"item\":\"https:\\\/\\\/tocut.net\\\/\"},{\"@type\":\"ListItem\",\"position\":2,\"name\":\"Accessories\",\"item\":\"https:\\\/\\\/tocut.net\\\/accessories\\\/\"},{\"@type\":\"ListItem\",\"position\":3,\"name\":\"cutting head-1\"}]},{\"@type\":\"WebSite\",\"@id\":\"https:\\\/\\\/tocut.net\\\/#website\",\"url\":\"https:\\\/\\\/tocut.net\\\/\",\"name\":\"tocut\",\"description\":\"We provide reliable solutions for fabrication and precision equipment, including waterjet repair, cutting equipment installation, CNC equipment support, and full maintenance, service, and spare parts for machines like laser cutters, grinders, lathes, and milling machines.\",\"publisher\":{\"@id\":\"https:\\\/\\\/tocut.net\\\/#organization\"},\"potentialAction\":[{\"@type\":\"SearchAction\",\"target\":{\"@type\":\"EntryPoint\",\"urlTemplate\":\"https:\\\/\\\/tocut.net\\\/?s={search_term_string}\"},\"query-input\":{\"@type\":\"PropertyValueSpecification\",\"valueRequired\":true,\"valueName\":\"search_term_string\"}}],\"inLanguage\":\"pt-PT\"},{\"@type\":\"Organization\",\"@id\":\"https:\\\/\\\/tocut.net\\\/#organization\",\"name\":\"tocut\",\"url\":\"https:\\\/\\\/tocut.net\\\/\",\"logo\":{\"@type\":\"ImageObject\",\"inLanguage\":\"pt-PT\",\"@id\":\"https:\\\/\\\/tocut.net\\\/#\\\/schema\\\/logo\\\/image\\\/\",\"url\":\"https:\\\/\\\/tocut.net\\\/wp-content\\\/uploads\\\/2025\\\/05\\\/logo5-scaled.png\",\"contentUrl\":\"https:\\\/\\\/tocut.net\\\/wp-content\\\/uploads\\\/2025\\\/05\\\/logo5-scaled.png\",\"width\":2560,\"height\":963,\"caption\":\"tocut\"},\"image\":{\"@id\":\"https:\\\/\\\/tocut.net\\\/#\\\/schema\\\/logo\\\/image\\\/\"}}]}<\/script>\n<!-- \/ Yoast SEO Premium plugin. -->","yoast_head_json":{"title":"Substitui\u00e7\u00e3o da cabe\u00e7a de corte de jato de \u00e1gua de alto desempenho","description":"Cabe\u00e7a de corte de jato de \u00e1gua dur\u00e1vel concebida para precis\u00e3o e fiabilidade. Ideal para substitui\u00e7\u00e3o e manuten\u00e7\u00e3o, garantindo um desempenho consistente de corte a alta press\u00e3o.","robots":{"index":"index","follow":"follow","max-snippet":"max-snippet:-1","max-image-preview":"max-image-preview:large","max-video-preview":"max-video-preview:-1"},"canonical":"https:\/\/tocut.net\/pt\/pagina-de-produtos\/cabeca-de-corte-1\/","og_locale":"pt_PT","og_type":"article","og_title":"cutting head-1","og_description":"Durable waterjet cutting head designed for precision and reliability. Ideal for replacement and maintenance, ensuring consistent high-pressure cutting performance.","og_url":"https:\/\/tocut.net\/pt\/pagina-de-produtos\/cabeca-de-corte-1\/","og_site_name":"TOCUT-Waterjet Repair | Cutting Equipment Installation| Maintenance | Installation | Service | Spare Parts | CNC Equipment Support | Fabrication Equipment | Precision Equipment","article_modified_time":"2025-08-18T06:38:35+00:00","og_image":[{"width":1000,"height":1000,"url":"https:\/\/tocut.net\/wp-content\/uploads\/2025\/06\/cutting-head-1.jpg","type":"image\/jpeg"}],"twitter_card":"summary_large_image","twitter_misc":{"Tempo estimado de leitura":"2 minutos"},"schema":{"@context":"https:\/\/schema.org","@graph":[{"@type":"WebPage","@id":"https:\/\/tocut.net\/products-page\/cutting-head-1\/","url":"https:\/\/tocut.net\/products-page\/cutting-head-1\/","name":"Substitui\u00e7\u00e3o da cabe\u00e7a de corte de jato de \u00e1gua de alto desempenho","isPartOf":{"@id":"https:\/\/tocut.net\/#website"},"primaryImageOfPage":{"@id":"https:\/\/tocut.net\/products-page\/cutting-head-1\/#primaryimage"},"image":{"@id":"https:\/\/tocut.net\/products-page\/cutting-head-1\/#primaryimage"},"thumbnailUrl":"https:\/\/tocut.net\/wp-content\/uploads\/2025\/06\/cutting-head-1.jpg","datePublished":"2025-06-30T03:06:06+00:00","dateModified":"2025-08-18T06:38:35+00:00","description":"Cabe\u00e7a de corte de jato de \u00e1gua dur\u00e1vel concebida para precis\u00e3o e fiabilidade. Ideal para substitui\u00e7\u00e3o e manuten\u00e7\u00e3o, garantindo um desempenho consistente de corte a alta press\u00e3o.","breadcrumb":{"@id":"https:\/\/tocut.net\/products-page\/cutting-head-1\/#breadcrumb"},"inLanguage":"pt-PT","potentialAction":[{"@type":"ReadAction","target":["https:\/\/tocut.net\/products-page\/cutting-head-1\/"]}]},{"@type":"ImageObject","inLanguage":"pt-PT","@id":"https:\/\/tocut.net\/products-page\/cutting-head-1\/#primaryimage","url":"https:\/\/tocut.net\/wp-content\/uploads\/2025\/06\/cutting-head-1.jpg","contentUrl":"https:\/\/tocut.net\/wp-content\/uploads\/2025\/06\/cutting-head-1.jpg","width":1000,"height":1000,"caption":"cutting head-1 for waterjet equipment installation and professional maintenance"},{"@type":"BreadcrumbList","@id":"https:\/\/tocut.net\/products-page\/cutting-head-1\/#breadcrumb","itemListElement":[{"@type":"ListItem","position":1,"name":"Home","item":"https:\/\/tocut.net\/"},{"@type":"ListItem","position":2,"name":"Accessories","item":"https:\/\/tocut.net\/accessories\/"},{"@type":"ListItem","position":3,"name":"cutting head-1"}]},{"@type":"WebSite","@id":"https:\/\/tocut.net\/#website","url":"https:\/\/tocut.net\/","name":"cortar","description":"Fornecemos solu\u00e7\u00f5es fi\u00e1veis para o fabrico e equipamento de precis\u00e3o, incluindo repara\u00e7\u00e3o de jato de \u00e1gua, instala\u00e7\u00e3o de equipamento de corte, suporte de equipamento CNC e manuten\u00e7\u00e3o completa, servi\u00e7o e pe\u00e7as sobresselentes para m\u00e1quinas como cortadores a laser, rebarbadoras, tornos e fresadoras.","publisher":{"@id":"https:\/\/tocut.net\/#organization"},"potentialAction":[{"@type":"SearchAction","target":{"@type":"EntryPoint","urlTemplate":"https:\/\/tocut.net\/?s={search_term_string}"},"query-input":{"@type":"PropertyValueSpecification","valueRequired":true,"valueName":"search_term_string"}}],"inLanguage":"pt-PT"},{"@type":"Organization","@id":"https:\/\/tocut.net\/#organization","name":"cortar","url":"https:\/\/tocut.net\/","logo":{"@type":"ImageObject","inLanguage":"pt-PT","@id":"https:\/\/tocut.net\/#\/schema\/logo\/image\/","url":"https:\/\/tocut.net\/wp-content\/uploads\/2025\/05\/logo5-scaled.png","contentUrl":"https:\/\/tocut.net\/wp-content\/uploads\/2025\/05\/logo5-scaled.png","width":2560,"height":963,"caption":"tocut"},"image":{"@id":"https:\/\/tocut.net\/#\/schema\/logo\/image\/"}}]}},"_links":{"self":[{"href":"https:\/\/tocut.net\/pt\/wp-json\/wp\/v2\/product\/7104","targetHints":{"allow":["GET"]}}],"collection":[{"href":"https:\/\/tocut.net\/pt\/wp-json\/wp\/v2\/product"}],"about":[{"href":"https:\/\/tocut.net\/pt\/wp-json\/wp\/v2\/types\/product"}],"wp:featuredmedia":[{"embeddable":true,"href":"https:\/\/tocut.net\/pt\/wp-json\/wp\/v2\/media\/7098"}],"wp:attachment":[{"href":"https:\/\/tocut.net\/pt\/wp-json\/wp\/v2\/media?parent=7104"}],"wp:term":[{"taxonomy":"product_brand","embeddable":true,"href":"https:\/\/tocut.net\/pt\/wp-json\/wp\/v2\/product_brand?post=7104"},{"taxonomy":"product_cat","embeddable":true,"href":"https:\/\/tocut.net\/pt\/wp-json\/wp\/v2\/product_cat?post=7104"},{"taxonomy":"product_tag","embeddable":true,"href":"https:\/\/tocut.net\/pt\/wp-json\/wp\/v2\/product_tag?post=7104"}],"curies":[{"name":"wp","href":"https:\/\/api.w.org\/{rel}","templated":true}]}}