{"id":7087,"date":"2025-06-30T02:40:57","date_gmt":"2025-06-30T02:40:57","guid":{"rendered":"https:\/\/tocut.net\/?post_type=product&#038;p=7087"},"modified":"2025-08-18T08:31:31","modified_gmt":"2025-08-18T08:31:31","slug":"cabeca-de-corte-haste-de-tinta","status":"publish","type":"product","link":"https:\/\/tocut.net\/pt\/pagina-de-produtos\/cabeca-de-corte-haste-de-tinta\/","title":{"rendered":"Cabe\u00e7a de corte haste de tinta"},"content":{"rendered":"<h4 data-start=\"723\" data-end=\"742\">Introdu\u00e7\u00e3o<\/h4>\n<p data-start=\"743\" data-end=\"1058\">O <strong data-start=\"747\" data-end=\"772\">haste de articula\u00e7\u00e3o da cabe\u00e7a de corte<\/strong> \u00e9 uma pe\u00e7a sobresselente essencial para as m\u00e1quinas de corte por jato de \u00e1gua, concebida para ligar e estabilizar o conjunto da cabe\u00e7a de corte. Com a sua elevada precis\u00e3o e constru\u00e7\u00e3o duradoura, este componente garante que o jato de \u00e1gua mant\u00e9m a precis\u00e3o e a fiabilidade durante as opera\u00e7\u00f5es de corte a alta press\u00e3o.<\/p>\n<h4 data-start=\"1060\" data-end=\"1108\">Principais carater\u00edsticas da barra de jun\u00e7\u00e3o da cabe\u00e7a de corte<\/h4>\n<p data-start=\"1109\" data-end=\"1410\">Fabricada com materiais de primeira qualidade, a haste da junta resiste a press\u00f5es extremas e \u00e0 utiliza\u00e7\u00e3o repetitiva. A sua estrutura robusta minimiza o desgaste, enquanto a engenharia de precis\u00e3o ajuda a manter um alinhamento consistente. Como resultado, os operadores podem obter cortes limpos e precisos, mesmo em condi\u00e7\u00f5es industriais exigentes.<\/p>\n<p data-start=\"1412\" data-end=\"1681\">Outra vantagem importante \u00e9 o seu processo de instala\u00e7\u00e3o f\u00e1cil, que reduz o tempo de inatividade durante a manuten\u00e7\u00e3o. Ao utilizar uma <strong data-start=\"1530\" data-end=\"1555\">haste de articula\u00e7\u00e3o da cabe\u00e7a de corte<\/strong>, As empresas podem prolongar a vida \u00fatil da sua cabe\u00e7a de corte e melhorar a efici\u00eancia global dos seus sistemas de jato de \u00e1gua.<\/p>\n<h4 data-start=\"1683\" data-end=\"1723\">Vantagens nas aplica\u00e7\u00f5es de jato de \u00e1gua<\/h4>\n<p data-start=\"1724\" data-end=\"2126\">As m\u00e1quinas de corte por jato de \u00e1gua dependem fortemente da intera\u00e7\u00e3o suave de m\u00faltiplos componentes de precis\u00e3o. A haste da junta desempenha um papel fundamental para garantir que a cabe\u00e7a de corte se mant\u00e9m est\u00e1vel, especialmente quando se lida com materiais como metal, vidro, pedra ou comp\u00f3sitos. Uma haste de articula\u00e7\u00e3o a funcionar corretamente minimiza as vibra\u00e7\u00f5es, evita o desgaste prematuro das pe\u00e7as circundantes e, em \u00faltima an\u00e1lise, reduz os custos de repara\u00e7\u00e3o.<\/p>\n<p data-start=\"2128\" data-end=\"2449\">Al\u00e9m disso, a utiliza\u00e7\u00e3o de uma pe\u00e7a de substitui\u00e7\u00e3o fi\u00e1vel garante uma estabilidade operacional a longo prazo. Os clientes que substituem atempadamente as hastes gastas n\u00e3o s\u00f3 evitam avarias dispendiosas, como tamb\u00e9m garantem uma melhor qualidade de corte. Isto faz com que a <strong data-start=\"2338\" data-end=\"2363\">haste de articula\u00e7\u00e3o da cabe\u00e7a de corte<\/strong> um investimento rent\u00e1vel tanto para as pequenas oficinas como para os grandes fabricantes.<\/p>\n<h4 data-start=\"2451\" data-end=\"2491\">Apoio e servi\u00e7os profissionais<\/h4>\n<p data-start=\"2492\" data-end=\"2866\">Para al\u00e9m de oferecer pe\u00e7as sobressalentes de alta qualidade, a nossa empresa \u00e9 especializada em servi\u00e7os completos de jato de \u00e1gua, incluindo instala\u00e7\u00e3o, manuten\u00e7\u00e3o, repara\u00e7\u00e3o e desmontagem. Fornecemos orienta\u00e7\u00e3o t\u00e9cnica para garantir que cada pe\u00e7a de substitui\u00e7\u00e3o, como a haste de jun\u00e7\u00e3o, se encaixa perfeitamente no seu sistema. Com o nosso apoio profissional, os clientes podem manter o m\u00e1ximo de tempo de atividade e produtividade.<\/p>\n<h4 data-start=\"2868\" data-end=\"2885\">Conclus\u00e3o<\/h4>\n<p data-start=\"2886\" data-end=\"3261\">Um aparelho dur\u00e1vel e preciso <strong data-start=\"2908\" data-end=\"2933\">haste de articula\u00e7\u00e3o da cabe\u00e7a de corte<\/strong> \u00e9 crucial para o desempenho est\u00e1vel de qualquer m\u00e1quina de corte por jato de \u00e1gua. Ao escolher uma pe\u00e7a bem concebida, as empresas beneficiam de uma maior precis\u00e3o, tempo de inatividade reduzido e fiabilidade duradoura. Este componente \u00e9 mais do que apenas uma pe\u00e7a sobresselente - \u00e9 um elemento chave para manter o seu sistema de jato de \u00e1gua a funcionar com a m\u00e1xima efici\u00eancia.<\/p>","protected":false},"excerpt":{"rendered":"<p>Introduction The cutter head joint rod is an essential spare part for waterjet cutting machines, designed to connect and stabilize the cutting head assembly. With its high precision and durable construction, this component ensures that the waterjet maintains accuracy and reliability during high-pressure cutting operations. Key Features of the Cutter Head Joint Rod Made from [&hellip;]<\/p>\n","protected":false},"featured_media":7085,"template":"","meta":{"site-sidebar-layout":"default","site-content-layout":"","ast-site-content-layout":"default","site-content-style":"default","site-sidebar-style":"default","ast-global-header-display":"","ast-banner-title-visibility":"","ast-main-header-display":"","ast-hfb-above-header-display":"","ast-hfb-below-header-display":"","ast-hfb-mobile-header-display":"","site-post-title":"","ast-breadcrumbs-content":"","ast-featured-img":"","footer-sml-layout":"","ast-disable-related-posts":"","theme-transparent-header-meta":"default","adv-header-id-meta":"","stick-header-meta":"default","header-above-stick-meta":"","header-main-stick-meta":"","header-below-stick-meta":"","astra-migrate-meta-layouts":"set","ast-page-background-enabled":"default","ast-page-background-meta":{"desktop":{"background-color":"","background-image":"","background-repeat":"repeat","background-position":"center center","background-size":"auto","background-attachment":"scroll","background-type":"","background-media":"","overlay-type":"","overlay-color":"","overlay-opacity":"","overlay-gradient":""},"tablet":{"background-color":"","background-image":"","background-repeat":"repeat","background-position":"center center","background-size":"auto","background-attachment":"scroll","background-type":"","background-media":"","overlay-type":"","overlay-color":"","overlay-opacity":"","overlay-gradient":""},"mobile":{"background-color":"","background-image":"","background-repeat":"repeat","background-position":"center center","background-size":"auto","background-attachment":"scroll","background-type":"","background-media":"","overlay-type":"","overlay-color":"","overlay-opacity":"","overlay-gradient":""}},"ast-content-background-meta":{"desktop":{"background-color":"var(--ast-global-color-5)","background-image":"","background-repeat":"repeat","background-position":"center center","background-size":"auto","background-attachment":"scroll","background-type":"","background-media":"","overlay-type":"","overlay-color":"","overlay-opacity":"","overlay-gradient":""},"tablet":{"background-color":"var(--ast-global-color-5)","background-image":"","background-repeat":"repeat","background-position":"center center","background-size":"auto","background-attachment":"scroll","background-type":"","background-media":"","overlay-type":"","overlay-color":"","overlay-opacity":"","overlay-gradient":""},"mobile":{"background-color":"var(--ast-global-color-5)","background-image":"","background-repeat":"repeat","background-position":"center center","background-size":"auto","background-attachment":"scroll","background-type":"","background-media":"","overlay-type":"","overlay-color":"","overlay-opacity":"","overlay-gradient":""}},"iawp_total_views":0},"product_brand":[],"product_cat":[58,16],"product_tag":[],"class_list":{"0":"post-7087","1":"product","2":"type-product","3":"status-publish","4":"has-post-thumbnail","6":"product_cat-flow","7":"product_cat-water-jet-accessories","8":"desktop-align-left","9":"tablet-align-left","10":"mobile-align-left","11":"ast-product-gallery-layout-horizontal-slider","12":"ast-product-gallery-with-no-image","13":"ast-product-tabs-layout-horizontal","15":"first","16":"instock","17":"shipping-taxable","18":"product-type-simple"},"yoast_head":"<!-- This site is optimized with the Yoast SEO Premium plugin v27.3 (Yoast SEO v27.4) - https:\/\/yoast.com\/product\/yoast-seo-premium-wordpress\/ -->\n<title>Cutter Head Joint Rod for Waterjet \u2013 High-Performance<\/title>\n<meta name=\"description\" content=\"Premium cutter head joint rod for waterjet cutting machines. Durable, precise, and reliable spare part to improve cutting performance and reduce downtime.\" \/>\n<meta name=\"robots\" content=\"index, follow, max-snippet:-1, max-image-preview:large, max-video-preview:-1\" \/>\n<link rel=\"canonical\" href=\"https:\/\/tocut.net\/pt\/pagina-de-produtos\/cabeca-de-corte-haste-de-tinta\/\" \/>\n<meta property=\"og:locale\" content=\"pt_PT\" \/>\n<meta property=\"og:type\" content=\"article\" \/>\n<meta property=\"og:title\" content=\"Cutter head oint rod\" \/>\n<meta property=\"og:description\" content=\"Premium cutter head joint rod for waterjet cutting machines. Durable, precise, and reliable spare part to improve cutting performance and reduce downtime.\" \/>\n<meta property=\"og:url\" content=\"https:\/\/tocut.net\/pt\/pagina-de-produtos\/cabeca-de-corte-haste-de-tinta\/\" \/>\n<meta property=\"og:site_name\" content=\"TOCUT-Waterjet Repair | Cutting Equipment Installation| Maintenance | Installation | Service | Spare Parts | CNC Equipment Support | Fabrication Equipment | Precision Equipment\" \/>\n<meta property=\"article:modified_time\" content=\"2025-08-18T08:31:31+00:00\" \/>\n<meta property=\"og:image\" content=\"https:\/\/tocut.net\/wp-content\/uploads\/2025\/06\/Cutter-head-joint-rod.jpg\" \/>\n\t<meta property=\"og:image:width\" content=\"1000\" \/>\n\t<meta property=\"og:image:height\" content=\"1000\" \/>\n\t<meta property=\"og:image:type\" content=\"image\/jpeg\" \/>\n<meta name=\"twitter:card\" content=\"summary_large_image\" \/>\n<meta name=\"twitter:label1\" content=\"Tempo estimado de leitura\" \/>\n\t<meta name=\"twitter:data1\" content=\"2 minutos\" \/>\n<script type=\"application\/ld+json\" class=\"yoast-schema-graph\">{\"@context\":\"https:\\\/\\\/schema.org\",\"@graph\":[{\"@type\":\"WebPage\",\"@id\":\"https:\\\/\\\/tocut.net\\\/products-page\\\/cutter-head-oint-rod\\\/\",\"url\":\"https:\\\/\\\/tocut.net\\\/products-page\\\/cutter-head-oint-rod\\\/\",\"name\":\"Cutter Head Joint Rod for Waterjet \u2013 High-Performance\",\"isPartOf\":{\"@id\":\"https:\\\/\\\/tocut.net\\\/#website\"},\"primaryImageOfPage\":{\"@id\":\"https:\\\/\\\/tocut.net\\\/products-page\\\/cutter-head-oint-rod\\\/#primaryimage\"},\"image\":{\"@id\":\"https:\\\/\\\/tocut.net\\\/products-page\\\/cutter-head-oint-rod\\\/#primaryimage\"},\"thumbnailUrl\":\"https:\\\/\\\/tocut.net\\\/wp-content\\\/uploads\\\/2025\\\/06\\\/Cutter-head-joint-rod.jpg\",\"datePublished\":\"2025-06-30T02:40:57+00:00\",\"dateModified\":\"2025-08-18T08:31:31+00:00\",\"description\":\"Premium cutter head joint rod for waterjet cutting machines. Durable, precise, and reliable spare part to improve cutting performance and reduce downtime.\",\"breadcrumb\":{\"@id\":\"https:\\\/\\\/tocut.net\\\/products-page\\\/cutter-head-oint-rod\\\/#breadcrumb\"},\"inLanguage\":\"pt-PT\",\"potentialAction\":[{\"@type\":\"ReadAction\",\"target\":[\"https:\\\/\\\/tocut.net\\\/products-page\\\/cutter-head-oint-rod\\\/\"]}]},{\"@type\":\"ImageObject\",\"inLanguage\":\"pt-PT\",\"@id\":\"https:\\\/\\\/tocut.net\\\/products-page\\\/cutter-head-oint-rod\\\/#primaryimage\",\"url\":\"https:\\\/\\\/tocut.net\\\/wp-content\\\/uploads\\\/2025\\\/06\\\/Cutter-head-joint-rod.jpg\",\"contentUrl\":\"https:\\\/\\\/tocut.net\\\/wp-content\\\/uploads\\\/2025\\\/06\\\/Cutter-head-joint-rod.jpg\",\"width\":1000,\"height\":1000,\"caption\":\"Cutter head oint rod for waterjet equipment installation and professional maintenance\"},{\"@type\":\"BreadcrumbList\",\"@id\":\"https:\\\/\\\/tocut.net\\\/products-page\\\/cutter-head-oint-rod\\\/#breadcrumb\",\"itemListElement\":[{\"@type\":\"ListItem\",\"position\":1,\"name\":\"Home\",\"item\":\"https:\\\/\\\/tocut.net\\\/\"},{\"@type\":\"ListItem\",\"position\":2,\"name\":\"Accessories\",\"item\":\"https:\\\/\\\/tocut.net\\\/accessories\\\/\"},{\"@type\":\"ListItem\",\"position\":3,\"name\":\"Cutter head oint rod\"}]},{\"@type\":\"WebSite\",\"@id\":\"https:\\\/\\\/tocut.net\\\/#website\",\"url\":\"https:\\\/\\\/tocut.net\\\/\",\"name\":\"tocut\",\"description\":\"We provide reliable solutions for fabrication and precision equipment, including waterjet repair, cutting equipment installation, CNC equipment support, and full maintenance, service, and spare parts for machines like laser cutters, grinders, lathes, and milling machines.\",\"publisher\":{\"@id\":\"https:\\\/\\\/tocut.net\\\/#organization\"},\"potentialAction\":[{\"@type\":\"SearchAction\",\"target\":{\"@type\":\"EntryPoint\",\"urlTemplate\":\"https:\\\/\\\/tocut.net\\\/?s={search_term_string}\"},\"query-input\":{\"@type\":\"PropertyValueSpecification\",\"valueRequired\":true,\"valueName\":\"search_term_string\"}}],\"inLanguage\":\"pt-PT\"},{\"@type\":\"Organization\",\"@id\":\"https:\\\/\\\/tocut.net\\\/#organization\",\"name\":\"tocut\",\"url\":\"https:\\\/\\\/tocut.net\\\/\",\"logo\":{\"@type\":\"ImageObject\",\"inLanguage\":\"pt-PT\",\"@id\":\"https:\\\/\\\/tocut.net\\\/#\\\/schema\\\/logo\\\/image\\\/\",\"url\":\"https:\\\/\\\/tocut.net\\\/wp-content\\\/uploads\\\/2025\\\/05\\\/logo5-scaled.png\",\"contentUrl\":\"https:\\\/\\\/tocut.net\\\/wp-content\\\/uploads\\\/2025\\\/05\\\/logo5-scaled.png\",\"width\":2560,\"height\":963,\"caption\":\"tocut\"},\"image\":{\"@id\":\"https:\\\/\\\/tocut.net\\\/#\\\/schema\\\/logo\\\/image\\\/\"}}]}<\/script>\n<!-- \/ Yoast SEO Premium plugin. -->","yoast_head_json":{"title":"Haste de jun\u00e7\u00e3o da cabe\u00e7a de corte para jato de \u00e1gua - Alto desempenho","description":"Haste de jun\u00e7\u00e3o da cabe\u00e7a de corte de qualidade superior para m\u00e1quinas de corte por jato de \u00e1gua. Pe\u00e7a sobressalente dur\u00e1vel, precisa e fi\u00e1vel para melhorar o desempenho de corte e reduzir o tempo de inatividade.","robots":{"index":"index","follow":"follow","max-snippet":"max-snippet:-1","max-image-preview":"max-image-preview:large","max-video-preview":"max-video-preview:-1"},"canonical":"https:\/\/tocut.net\/pt\/pagina-de-produtos\/cabeca-de-corte-haste-de-tinta\/","og_locale":"pt_PT","og_type":"article","og_title":"Cutter head oint rod","og_description":"Premium cutter head joint rod for waterjet cutting machines. Durable, precise, and reliable spare part to improve cutting performance and reduce downtime.","og_url":"https:\/\/tocut.net\/pt\/pagina-de-produtos\/cabeca-de-corte-haste-de-tinta\/","og_site_name":"TOCUT-Waterjet Repair | Cutting Equipment Installation| Maintenance | Installation | Service | Spare Parts | CNC Equipment Support | Fabrication Equipment | Precision Equipment","article_modified_time":"2025-08-18T08:31:31+00:00","og_image":[{"width":1000,"height":1000,"url":"https:\/\/tocut.net\/wp-content\/uploads\/2025\/06\/Cutter-head-joint-rod.jpg","type":"image\/jpeg"}],"twitter_card":"summary_large_image","twitter_misc":{"Tempo estimado de leitura":"2 minutos"},"schema":{"@context":"https:\/\/schema.org","@graph":[{"@type":"WebPage","@id":"https:\/\/tocut.net\/products-page\/cutter-head-oint-rod\/","url":"https:\/\/tocut.net\/products-page\/cutter-head-oint-rod\/","name":"Haste de jun\u00e7\u00e3o da cabe\u00e7a de corte para jato de \u00e1gua - Alto desempenho","isPartOf":{"@id":"https:\/\/tocut.net\/#website"},"primaryImageOfPage":{"@id":"https:\/\/tocut.net\/products-page\/cutter-head-oint-rod\/#primaryimage"},"image":{"@id":"https:\/\/tocut.net\/products-page\/cutter-head-oint-rod\/#primaryimage"},"thumbnailUrl":"https:\/\/tocut.net\/wp-content\/uploads\/2025\/06\/Cutter-head-joint-rod.jpg","datePublished":"2025-06-30T02:40:57+00:00","dateModified":"2025-08-18T08:31:31+00:00","description":"Haste de jun\u00e7\u00e3o da cabe\u00e7a de corte de qualidade superior para m\u00e1quinas de corte por jato de \u00e1gua. Pe\u00e7a sobressalente dur\u00e1vel, precisa e fi\u00e1vel para melhorar o desempenho de corte e reduzir o tempo de inatividade.","breadcrumb":{"@id":"https:\/\/tocut.net\/products-page\/cutter-head-oint-rod\/#breadcrumb"},"inLanguage":"pt-PT","potentialAction":[{"@type":"ReadAction","target":["https:\/\/tocut.net\/products-page\/cutter-head-oint-rod\/"]}]},{"@type":"ImageObject","inLanguage":"pt-PT","@id":"https:\/\/tocut.net\/products-page\/cutter-head-oint-rod\/#primaryimage","url":"https:\/\/tocut.net\/wp-content\/uploads\/2025\/06\/Cutter-head-joint-rod.jpg","contentUrl":"https:\/\/tocut.net\/wp-content\/uploads\/2025\/06\/Cutter-head-joint-rod.jpg","width":1000,"height":1000,"caption":"Cutter head oint rod for waterjet equipment installation and professional maintenance"},{"@type":"BreadcrumbList","@id":"https:\/\/tocut.net\/products-page\/cutter-head-oint-rod\/#breadcrumb","itemListElement":[{"@type":"ListItem","position":1,"name":"Home","item":"https:\/\/tocut.net\/"},{"@type":"ListItem","position":2,"name":"Accessories","item":"https:\/\/tocut.net\/accessories\/"},{"@type":"ListItem","position":3,"name":"Cutter head oint rod"}]},{"@type":"WebSite","@id":"https:\/\/tocut.net\/#website","url":"https:\/\/tocut.net\/","name":"cortar","description":"Fornecemos solu\u00e7\u00f5es fi\u00e1veis para o fabrico e equipamento de precis\u00e3o, incluindo repara\u00e7\u00e3o de jato de \u00e1gua, instala\u00e7\u00e3o de equipamento de corte, suporte de equipamento CNC e manuten\u00e7\u00e3o completa, servi\u00e7o e pe\u00e7as sobresselentes para m\u00e1quinas como cortadores a laser, rebarbadoras, tornos e fresadoras.","publisher":{"@id":"https:\/\/tocut.net\/#organization"},"potentialAction":[{"@type":"SearchAction","target":{"@type":"EntryPoint","urlTemplate":"https:\/\/tocut.net\/?s={search_term_string}"},"query-input":{"@type":"PropertyValueSpecification","valueRequired":true,"valueName":"search_term_string"}}],"inLanguage":"pt-PT"},{"@type":"Organization","@id":"https:\/\/tocut.net\/#organization","name":"cortar","url":"https:\/\/tocut.net\/","logo":{"@type":"ImageObject","inLanguage":"pt-PT","@id":"https:\/\/tocut.net\/#\/schema\/logo\/image\/","url":"https:\/\/tocut.net\/wp-content\/uploads\/2025\/05\/logo5-scaled.png","contentUrl":"https:\/\/tocut.net\/wp-content\/uploads\/2025\/05\/logo5-scaled.png","width":2560,"height":963,"caption":"tocut"},"image":{"@id":"https:\/\/tocut.net\/#\/schema\/logo\/image\/"}}]}},"_links":{"self":[{"href":"https:\/\/tocut.net\/pt\/wp-json\/wp\/v2\/product\/7087","targetHints":{"allow":["GET"]}}],"collection":[{"href":"https:\/\/tocut.net\/pt\/wp-json\/wp\/v2\/product"}],"about":[{"href":"https:\/\/tocut.net\/pt\/wp-json\/wp\/v2\/types\/product"}],"wp:featuredmedia":[{"embeddable":true,"href":"https:\/\/tocut.net\/pt\/wp-json\/wp\/v2\/media\/7085"}],"wp:attachment":[{"href":"https:\/\/tocut.net\/pt\/wp-json\/wp\/v2\/media?parent=7087"}],"wp:term":[{"taxonomy":"product_brand","embeddable":true,"href":"https:\/\/tocut.net\/pt\/wp-json\/wp\/v2\/product_brand?post=7087"},{"taxonomy":"product_cat","embeddable":true,"href":"https:\/\/tocut.net\/pt\/wp-json\/wp\/v2\/product_cat?post=7087"},{"taxonomy":"product_tag","embeddable":true,"href":"https:\/\/tocut.net\/pt\/wp-json\/wp\/v2\/product_tag?post=7087"}],"curies":[{"name":"wp","href":"https:\/\/api.w.org\/{rel}","templated":true}]}}