{"id":5328,"date":"2025-06-17T05:54:17","date_gmt":"2025-06-17T05:54:17","guid":{"rendered":"https:\/\/tocut.net\/?post_type=product&#038;p=5328"},"modified":"2025-08-09T05:40:03","modified_gmt":"2025-08-09T05:40:03","slug":"mini-tolva-abrasiva","status":"publish","type":"product","link":"https:\/\/tocut.net\/es\/pagina-de-productos\/mini-tolva-abrasiva\/","title":{"rendered":"Mini tolva de abrasivo"},"content":{"rendered":"<p data-start=\"814\" data-end=\"1256\">En <strong data-start=\"818\" data-end=\"842\">Mini tolva de abrasivo<\/strong> es un accesorio esencial para los sistemas de corte por chorro de agua, dise\u00f1ado para proporcionar un suministro estable y constante de material abrasivo durante el funcionamiento. Con su dise\u00f1o compacto, ofrece una soluci\u00f3n ideal para talleres en los que el espacio es limitado, pero la alta precisi\u00f3n de corte es una prioridad. Esta tolva garantiza un suministro uniforme de granate u otros abrasivos, reduciendo las interrupciones y mejorando la eficacia general del corte.<\/p>\n<p data-start=\"1258\" data-end=\"1708\">A diferencia de los grandes dep\u00f3sitos de abrasivo, el <strong data-start=\"1292\" data-end=\"1326\">mini contenedor de granate abrasivo<\/strong> permite un r\u00e1pido rellenado y un f\u00e1cil manejo, lo que la hace perfecta para tiradas cortas o tareas de corte especializadas. Su dise\u00f1o sellado evita la entrada de humedad, manteniendo el abrasivo seco y fluido para obtener unos resultados de corte \u00f3ptimos. La tolva tambi\u00e9n permite un control preciso del caudal de abrasivo, lo que resulta esencial para mantener una calidad de corte constante y minimizar el desperdicio de material.<\/p>\n<p data-start=\"1710\" data-end=\"2122\">Este <strong data-start=\"1715\" data-end=\"1752\">soluci\u00f3n compacta de alimentaci\u00f3n de abrasivo<\/strong> est\u00e1 fabricado con materiales duraderos que pueden soportar un uso continuo en entornos industriales exigentes. Su interfaz de f\u00e1cil manejo y su estructura ligera permiten una r\u00e1pida instalaci\u00f3n e integraci\u00f3n en los sistemas de chorro de agua existentes. Los operarios pueden ajustar la velocidad de entrega en funci\u00f3n de las necesidades espec\u00edficas del proyecto, lo que mejora la productividad y reduce los costes operativos.<\/p>\n<p data-start=\"2124\" data-end=\"2476\">En <strong data-start=\"2128\" data-end=\"2175\">peque\u00f1o almac\u00e9n de abrasivo para sistemas de chorro de agua<\/strong> tambi\u00e9n mejora la eficiencia en el lugar de trabajo al reducir el tiempo de inactividad para reponer el abrasivo. Tanto si se utiliza en talleres de fabricaci\u00f3n, instalaciones de fabricaci\u00f3n a medida o proyectos de corte in situ, este <strong data-start=\"2362\" data-end=\"2400\">tolva de suministro de abrasivo de precisi\u00f3n<\/strong> proporciona la fiabilidad y el rendimiento necesarios para obtener resultados de alta calidad.<\/p>\n<p data-start=\"2478\" data-end=\"2782\">Para las empresas que desean optimizar el rendimiento de corte y mejorar el flujo de trabajo, la minitolva de abrasivo representa una inversi\u00f3n pr\u00e1ctica. No solo contribuye a mejorar la uniformidad del corte, sino que tambi\u00e9n ayuda a controlar los costes al minimizar los residuos de abrasivo, lo que contribuye a que su sistema de corte por chorro de agua funcione al m\u00e1ximo rendimiento.<\/p>","protected":false},"excerpt":{"rendered":"<p>The Mini Abrasive Hopper is an essential accessory for waterjet cutting systems, designed to provide a stable and consistent supply of abrasive material during operation. With its compact design, it offers an ideal solution for workshops where space is limited, yet high cutting precision is a priority. This hopper ensures the smooth delivery of garnet [&hellip;]<\/p>\n","protected":false},"featured_media":5319,"template":"","meta":{"site-sidebar-layout":"default","site-content-layout":"","ast-site-content-layout":"default","site-content-style":"default","site-sidebar-style":"default","ast-global-header-display":"","ast-banner-title-visibility":"","ast-main-header-display":"","ast-hfb-above-header-display":"","ast-hfb-below-header-display":"","ast-hfb-mobile-header-display":"","site-post-title":"","ast-breadcrumbs-content":"","ast-featured-img":"","footer-sml-layout":"","ast-disable-related-posts":"","theme-transparent-header-meta":"default","adv-header-id-meta":"","stick-header-meta":"default","header-above-stick-meta":"","header-main-stick-meta":"","header-below-stick-meta":"","astra-migrate-meta-layouts":"set","ast-page-background-enabled":"default","ast-page-background-meta":{"desktop":{"background-color":"","background-image":"","background-repeat":"repeat","background-position":"center center","background-size":"auto","background-attachment":"scroll","background-type":"","background-media":"","overlay-type":"","overlay-color":"","overlay-opacity":"","overlay-gradient":""},"tablet":{"background-color":"","background-image":"","background-repeat":"repeat","background-position":"center center","background-size":"auto","background-attachment":"scroll","background-type":"","background-media":"","overlay-type":"","overlay-color":"","overlay-opacity":"","overlay-gradient":""},"mobile":{"background-color":"","background-image":"","background-repeat":"repeat","background-position":"center center","background-size":"auto","background-attachment":"scroll","background-type":"","background-media":"","overlay-type":"","overlay-color":"","overlay-opacity":"","overlay-gradient":""}},"ast-content-background-meta":{"desktop":{"background-color":"var(--ast-global-color-5)","background-image":"","background-repeat":"repeat","background-position":"center center","background-size":"auto","background-attachment":"scroll","background-type":"","background-media":"","overlay-type":"","overlay-color":"","overlay-opacity":"","overlay-gradient":""},"tablet":{"background-color":"var(--ast-global-color-5)","background-image":"","background-repeat":"repeat","background-position":"center center","background-size":"auto","background-attachment":"scroll","background-type":"","background-media":"","overlay-type":"","overlay-color":"","overlay-opacity":"","overlay-gradient":""},"mobile":{"background-color":"var(--ast-global-color-5)","background-image":"","background-repeat":"repeat","background-position":"center center","background-size":"auto","background-attachment":"scroll","background-type":"","background-media":"","overlay-type":"","overlay-color":"","overlay-opacity":"","overlay-gradient":""}},"iawp_total_views":0},"product_brand":[],"product_cat":[56,16],"product_tag":[],"class_list":{"0":"post-5328","1":"product","2":"type-product","3":"status-publish","4":"has-post-thumbnail","6":"product_cat-head","7":"product_cat-water-jet-accessories","8":"desktop-align-left","9":"tablet-align-left","10":"mobile-align-left","11":"ast-product-gallery-layout-horizontal-slider","12":"ast-product-gallery-with-no-image","13":"ast-product-tabs-layout-horizontal","15":"first","16":"instock","17":"shipping-taxable","18":"product-type-simple"},"yoast_head":"<!-- This site is optimized with the Yoast SEO Premium plugin v27.3 (Yoast SEO v27.4) - https:\/\/yoast.com\/product\/yoast-seo-premium-wordpress\/ -->\n<title>Mini Abrasive Hopper for Waterjet Cutting Machines<\/title>\n<meta name=\"description\" content=\"Compact mini abrasive hopper designed for precise abrasive delivery in waterjet cutting, ensuring efficiency, reduced waste, and consistent performance.\" \/>\n<meta name=\"robots\" content=\"index, follow, max-snippet:-1, max-image-preview:large, max-video-preview:-1\" \/>\n<link rel=\"canonical\" href=\"https:\/\/tocut.net\/es\/pagina-de-productos\/mini-tolva-abrasiva\/\" \/>\n<meta property=\"og:locale\" content=\"es_ES\" \/>\n<meta property=\"og:type\" content=\"article\" \/>\n<meta property=\"og:title\" content=\"Mini abrasive hopper\" \/>\n<meta property=\"og:description\" content=\"Compact mini abrasive hopper designed for precise abrasive delivery in waterjet cutting, ensuring efficiency, reduced waste, and consistent performance.\" \/>\n<meta property=\"og:url\" content=\"https:\/\/tocut.net\/es\/pagina-de-productos\/mini-tolva-abrasiva\/\" \/>\n<meta property=\"og:site_name\" content=\"TOCUT-Waterjet Repair | Cutting Equipment Installation| Maintenance | Installation | Service | Spare Parts | CNC Equipment Support | Fabrication Equipment | Precision Equipment\" \/>\n<meta property=\"article:modified_time\" content=\"2025-08-09T05:40:03+00:00\" \/>\n<meta property=\"og:image\" content=\"https:\/\/tocut.net\/wp-content\/uploads\/2025\/06\/\u63a7\u7802\u9600\u6210\u5957102-10265-0101.jpg\" \/>\n\t<meta property=\"og:image:width\" content=\"1000\" \/>\n\t<meta property=\"og:image:height\" content=\"1000\" \/>\n\t<meta property=\"og:image:type\" content=\"image\/jpeg\" \/>\n<meta name=\"twitter:card\" content=\"summary_large_image\" \/>\n<meta name=\"twitter:label1\" content=\"Tiempo de lectura\" \/>\n\t<meta name=\"twitter:data1\" content=\"2 minutos\" \/>\n<script type=\"application\/ld+json\" class=\"yoast-schema-graph\">{\"@context\":\"https:\\\/\\\/schema.org\",\"@graph\":[{\"@type\":\"WebPage\",\"@id\":\"https:\\\/\\\/tocut.net\\\/products-page\\\/mini-abrasive-hopper\\\/\",\"url\":\"https:\\\/\\\/tocut.net\\\/products-page\\\/mini-abrasive-hopper\\\/\",\"name\":\"Mini Abrasive Hopper for Waterjet Cutting Machines\",\"isPartOf\":{\"@id\":\"https:\\\/\\\/tocut.net\\\/#website\"},\"primaryImageOfPage\":{\"@id\":\"https:\\\/\\\/tocut.net\\\/products-page\\\/mini-abrasive-hopper\\\/#primaryimage\"},\"image\":{\"@id\":\"https:\\\/\\\/tocut.net\\\/products-page\\\/mini-abrasive-hopper\\\/#primaryimage\"},\"thumbnailUrl\":\"https:\\\/\\\/tocut.net\\\/wp-content\\\/uploads\\\/2025\\\/06\\\/\u63a7\u7802\u9600\u6210\u5957102-10265-0101.jpg\",\"datePublished\":\"2025-06-17T05:54:17+00:00\",\"dateModified\":\"2025-08-09T05:40:03+00:00\",\"description\":\"Compact mini abrasive hopper designed for precise abrasive delivery in waterjet cutting, ensuring efficiency, reduced waste, and consistent performance.\",\"breadcrumb\":{\"@id\":\"https:\\\/\\\/tocut.net\\\/products-page\\\/mini-abrasive-hopper\\\/#breadcrumb\"},\"inLanguage\":\"es\",\"potentialAction\":[{\"@type\":\"ReadAction\",\"target\":[\"https:\\\/\\\/tocut.net\\\/products-page\\\/mini-abrasive-hopper\\\/\"]}]},{\"@type\":\"ImageObject\",\"inLanguage\":\"es\",\"@id\":\"https:\\\/\\\/tocut.net\\\/products-page\\\/mini-abrasive-hopper\\\/#primaryimage\",\"url\":\"https:\\\/\\\/tocut.net\\\/wp-content\\\/uploads\\\/2025\\\/06\\\/\u63a7\u7802\u9600\u6210\u5957102-10265-0101.jpg\",\"contentUrl\":\"https:\\\/\\\/tocut.net\\\/wp-content\\\/uploads\\\/2025\\\/06\\\/\u63a7\u7802\u9600\u6210\u5957102-10265-0101.jpg\",\"width\":1000,\"height\":1000,\"caption\":\"Mini abrasive hopper for waterjet equipment installation and professional maintenance\"},{\"@type\":\"BreadcrumbList\",\"@id\":\"https:\\\/\\\/tocut.net\\\/products-page\\\/mini-abrasive-hopper\\\/#breadcrumb\",\"itemListElement\":[{\"@type\":\"ListItem\",\"position\":1,\"name\":\"Home\",\"item\":\"https:\\\/\\\/tocut.net\\\/\"},{\"@type\":\"ListItem\",\"position\":2,\"name\":\"Accessories\",\"item\":\"https:\\\/\\\/tocut.net\\\/accessories\\\/\"},{\"@type\":\"ListItem\",\"position\":3,\"name\":\"Mini abrasive hopper\"}]},{\"@type\":\"WebSite\",\"@id\":\"https:\\\/\\\/tocut.net\\\/#website\",\"url\":\"https:\\\/\\\/tocut.net\\\/\",\"name\":\"tocut\",\"description\":\"We provide reliable solutions for fabrication and precision equipment, including waterjet repair, cutting equipment installation, CNC equipment support, and full maintenance, service, and spare parts for machines like laser cutters, grinders, lathes, and milling machines.\",\"publisher\":{\"@id\":\"https:\\\/\\\/tocut.net\\\/#organization\"},\"potentialAction\":[{\"@type\":\"SearchAction\",\"target\":{\"@type\":\"EntryPoint\",\"urlTemplate\":\"https:\\\/\\\/tocut.net\\\/?s={search_term_string}\"},\"query-input\":{\"@type\":\"PropertyValueSpecification\",\"valueRequired\":true,\"valueName\":\"search_term_string\"}}],\"inLanguage\":\"es\"},{\"@type\":\"Organization\",\"@id\":\"https:\\\/\\\/tocut.net\\\/#organization\",\"name\":\"tocut\",\"url\":\"https:\\\/\\\/tocut.net\\\/\",\"logo\":{\"@type\":\"ImageObject\",\"inLanguage\":\"es\",\"@id\":\"https:\\\/\\\/tocut.net\\\/#\\\/schema\\\/logo\\\/image\\\/\",\"url\":\"https:\\\/\\\/tocut.net\\\/wp-content\\\/uploads\\\/2025\\\/05\\\/logo5-scaled.png\",\"contentUrl\":\"https:\\\/\\\/tocut.net\\\/wp-content\\\/uploads\\\/2025\\\/05\\\/logo5-scaled.png\",\"width\":2560,\"height\":963,\"caption\":\"tocut\"},\"image\":{\"@id\":\"https:\\\/\\\/tocut.net\\\/#\\\/schema\\\/logo\\\/image\\\/\"}}]}<\/script>\n<!-- \/ Yoast SEO Premium plugin. -->","yoast_head_json":{"title":"Mini tolva de abrasivo para m\u00e1quinas de corte por chorro de agua","description":"Mini tolva de abrasivo compacta dise\u00f1ada para un suministro preciso de abrasivo en el corte por chorro de agua, garantizando la eficacia, la reducci\u00f3n de residuos y un rendimiento constante.","robots":{"index":"index","follow":"follow","max-snippet":"max-snippet:-1","max-image-preview":"max-image-preview:large","max-video-preview":"max-video-preview:-1"},"canonical":"https:\/\/tocut.net\/es\/pagina-de-productos\/mini-tolva-abrasiva\/","og_locale":"es_ES","og_type":"article","og_title":"Mini abrasive hopper","og_description":"Compact mini abrasive hopper designed for precise abrasive delivery in waterjet cutting, ensuring efficiency, reduced waste, and consistent performance.","og_url":"https:\/\/tocut.net\/es\/pagina-de-productos\/mini-tolva-abrasiva\/","og_site_name":"TOCUT-Waterjet Repair | Cutting Equipment Installation| Maintenance | Installation | Service | Spare Parts | CNC Equipment Support | Fabrication Equipment | Precision Equipment","article_modified_time":"2025-08-09T05:40:03+00:00","og_image":[{"width":1000,"height":1000,"url":"https:\/\/tocut.net\/wp-content\/uploads\/2025\/06\/\u63a7\u7802\u9600\u6210\u5957102-10265-0101.jpg","type":"image\/jpeg"}],"twitter_card":"summary_large_image","twitter_misc":{"Tiempo de lectura":"2 minutos"},"schema":{"@context":"https:\/\/schema.org","@graph":[{"@type":"WebPage","@id":"https:\/\/tocut.net\/products-page\/mini-abrasive-hopper\/","url":"https:\/\/tocut.net\/products-page\/mini-abrasive-hopper\/","name":"Mini tolva de abrasivo para m\u00e1quinas de corte por chorro de agua","isPartOf":{"@id":"https:\/\/tocut.net\/#website"},"primaryImageOfPage":{"@id":"https:\/\/tocut.net\/products-page\/mini-abrasive-hopper\/#primaryimage"},"image":{"@id":"https:\/\/tocut.net\/products-page\/mini-abrasive-hopper\/#primaryimage"},"thumbnailUrl":"https:\/\/tocut.net\/wp-content\/uploads\/2025\/06\/\u63a7\u7802\u9600\u6210\u5957102-10265-0101.jpg","datePublished":"2025-06-17T05:54:17+00:00","dateModified":"2025-08-09T05:40:03+00:00","description":"Mini tolva de abrasivo compacta dise\u00f1ada para un suministro preciso de abrasivo en el corte por chorro de agua, garantizando la eficacia, la reducci\u00f3n de residuos y un rendimiento constante.","breadcrumb":{"@id":"https:\/\/tocut.net\/products-page\/mini-abrasive-hopper\/#breadcrumb"},"inLanguage":"es","potentialAction":[{"@type":"ReadAction","target":["https:\/\/tocut.net\/products-page\/mini-abrasive-hopper\/"]}]},{"@type":"ImageObject","inLanguage":"es","@id":"https:\/\/tocut.net\/products-page\/mini-abrasive-hopper\/#primaryimage","url":"https:\/\/tocut.net\/wp-content\/uploads\/2025\/06\/\u63a7\u7802\u9600\u6210\u5957102-10265-0101.jpg","contentUrl":"https:\/\/tocut.net\/wp-content\/uploads\/2025\/06\/\u63a7\u7802\u9600\u6210\u5957102-10265-0101.jpg","width":1000,"height":1000,"caption":"Mini abrasive hopper for waterjet equipment installation and professional maintenance"},{"@type":"BreadcrumbList","@id":"https:\/\/tocut.net\/products-page\/mini-abrasive-hopper\/#breadcrumb","itemListElement":[{"@type":"ListItem","position":1,"name":"Home","item":"https:\/\/tocut.net\/"},{"@type":"ListItem","position":2,"name":"Accessories","item":"https:\/\/tocut.net\/accessories\/"},{"@type":"ListItem","position":3,"name":"Mini abrasive hopper"}]},{"@type":"WebSite","@id":"https:\/\/tocut.net\/#website","url":"https:\/\/tocut.net\/","name":"tocut","description":"Proporcionamos soluciones fiables para equipos de fabricaci\u00f3n y precisi\u00f3n, incluida la reparaci\u00f3n de chorro de agua, la instalaci\u00f3n de equipos de corte, la asistencia de equipos CNC y el mantenimiento completo, servicio y piezas de repuesto para m\u00e1quinas como cortadoras l\u00e1ser, amoladoras, tornos y fresadoras.","publisher":{"@id":"https:\/\/tocut.net\/#organization"},"potentialAction":[{"@type":"SearchAction","target":{"@type":"EntryPoint","urlTemplate":"https:\/\/tocut.net\/?s={search_term_string}"},"query-input":{"@type":"PropertyValueSpecification","valueRequired":true,"valueName":"search_term_string"}}],"inLanguage":"es"},{"@type":"Organization","@id":"https:\/\/tocut.net\/#organization","name":"tocut","url":"https:\/\/tocut.net\/","logo":{"@type":"ImageObject","inLanguage":"es","@id":"https:\/\/tocut.net\/#\/schema\/logo\/image\/","url":"https:\/\/tocut.net\/wp-content\/uploads\/2025\/05\/logo5-scaled.png","contentUrl":"https:\/\/tocut.net\/wp-content\/uploads\/2025\/05\/logo5-scaled.png","width":2560,"height":963,"caption":"tocut"},"image":{"@id":"https:\/\/tocut.net\/#\/schema\/logo\/image\/"}}]}},"_links":{"self":[{"href":"https:\/\/tocut.net\/es\/wp-json\/wp\/v2\/product\/5328","targetHints":{"allow":["GET"]}}],"collection":[{"href":"https:\/\/tocut.net\/es\/wp-json\/wp\/v2\/product"}],"about":[{"href":"https:\/\/tocut.net\/es\/wp-json\/wp\/v2\/types\/product"}],"wp:featuredmedia":[{"embeddable":true,"href":"https:\/\/tocut.net\/es\/wp-json\/wp\/v2\/media\/5319"}],"wp:attachment":[{"href":"https:\/\/tocut.net\/es\/wp-json\/wp\/v2\/media?parent=5328"}],"wp:term":[{"taxonomy":"product_brand","embeddable":true,"href":"https:\/\/tocut.net\/es\/wp-json\/wp\/v2\/product_brand?post=5328"},{"taxonomy":"product_cat","embeddable":true,"href":"https:\/\/tocut.net\/es\/wp-json\/wp\/v2\/product_cat?post=5328"},{"taxonomy":"product_tag","embeddable":true,"href":"https:\/\/tocut.net\/es\/wp-json\/wp\/v2\/product_tag?post=5328"}],"curies":[{"name":"wp","href":"https:\/\/api.w.org\/{rel}","templated":true}]}}